{"id":1022,"date":"2021-02-07T16:09:12","date_gmt":"2021-02-07T16:09:12","guid":{"rendered":"https:\/\/galerie-dittmar.de\/web\/?page_id=1022"},"modified":"2021-02-09T12:28:27","modified_gmt":"2021-02-09T12:28:27","slug":"fietz","status":"publish","type":"page","link":"https:\/\/galerie-dittmar.de\/web\/kuenstler\/fietz\/","title":{"rendered":"GERHARD FIETZ"},"content":{"rendered":"\n<p style=\"font-size:14px\">GERHARD FIETZ<\/p>\n\n\n\n<p class=\"has-small-font-size\" style=\"line-height:0\">Biographie<\/p>\n\n\n\n<p class=\"has-small-font-size\" style=\"line-height:0\"><a href=\"https:\/\/galerie-dittmar.de\/web\/kuenstler\/fietz\/galerie\/\" class=\"ek-link\">Bilder<\/a><\/p>\n\n\n\n<p class=\"has-small-font-size\" style=\"line-height:0\"><\/p>\n\n\n\n<p>Gerhard Fietz (1910 \u2013 1997) studierte von 1930 bis 1932 in Breslau bei Alexander Kanoldt und Oskar Schlemmer, danach an der Kunstakademie D\u00fcsseldorf. Aus der Kriegszeit in Russland 1941 bis 1943 haben sich eindrucksvolle Kohlezeichnungen von Portr\u00e4ts und Landschaften, Fotografien und Tagebuchaufzeichnungen erhalten. 1949 war Gerhard Fietz neben Willi Baumeister, Rupprecht Geiger und anderen Gr\u00fcndungsmitglied der Gruppe ZEN 49. Ihr schlossen sich weitere K\u00fcnstler, wie Julius Bissier, Wilhelm Nay und Emil Schumacher bis zur letzten gemeinsamen Ausstellung 1957 an; zu den G\u00e4sten geh\u00f6rten auch Hans Hartung und Pierre Soulage.<\/p>\n\n\n\n<p>Nach den Erfahrungen des Krieges und zun\u00e4chst im R\u00fcckgriff auf die Tradition suchte man nach neuen k\u00fcnstlerischen Wegen, ohne programmatische Festlegung und ohne das Bem\u00fchen um eine dezidierte Bildaussage. F\u00fchrende Kunstkritiker, wie Will Grohmann, Ludwig Grote und John A. Thwaites, wiesen auf die Bedeutung von Fietz innerhalb dieser Bewegung hin. Die Farbe gewinnt zunehmend an Autonomie, das Nichtgegenst\u00e4ndliche tritt in den Vordergrund. F\u00fcr Fietz bleibt auch das Portr\u00e4t ein Thema auf der Suche nach einer \u201eBildform.. im Spiegel von Lebenserfahrung\u201c (Gerhard Fietz).<\/p>\n\n\n\n<p>Nach Gastdozentur 1956 an der Staatlichen Hochschule f\u00fcr bildende K\u00fcnste Hamburg war er von 1957 bis 1975 Professor an der Hochschule f\u00fcr Bildende K\u00fcnste Berlin. Neben vielen anderen Ausstellungen brachte vor allem die umfassende Ausstellung und Publikation von 1986 \u201eZEN 49\u201c der Staatlichen Kunsthalle Baden-Baden den Rang dieser Bewegung f\u00fcr die deutsche Nachkriegsmoderne wieder ins allgemeine Bewusstsein. Arbeiten von Gerhard Fietz befinden sich unter anderem in der Berlinischen Galerie Berlin, im Lehmbruck Museum Duisburg, im Sprengel-Museum Hannover und im Museum of Modern Art New York.<\/p>\n","protected":false},"excerpt":{"rendered":"<p>GERHARD FIETZ Biographie Bilder Gerhard Fietz (1910 \u2013 1997) studierte von 1930 bis 1932 in Breslau bei Alexander Kanoldt und Oskar Schlemmer, danach an der Kunstakademie D\u00fcsseldorf. Aus der Kriegszeit in Russland 1941 bis 1943 haben sich eindrucksvolle Kohlezeichnungen von Portr\u00e4ts und Landschaften, Fotografien und Tagebuchaufzeichnungen erhalten. 1949 war Gerhard Fietz neben Willi Baumeister, Rupprecht &hellip; <a href=\"https:\/\/galerie-dittmar.de\/web\/kuenstler\/fietz\/\" class=\"more-link\"><span class=\"screen-reader-text\">\u201eGERHARD FIETZ\u201c<\/span> weiterlesen<\/a><\/p>\n","protected":false},"author":2,"featured_media":0,"parent":87,"menu_order":0,"comment_status":"closed","ping_status":"closed","template":"","meta":{"_links_to":"","_links_to_target":""},"_links":{"self":[{"href":"https:\/\/galerie-dittmar.de\/web\/wp-json\/wp\/v2\/pages\/1022"}],"collection":[{"href":"https:\/\/galerie-dittmar.de\/web\/wp-json\/wp\/v2\/pages"}],"about":[{"href":"https:\/\/galerie-dittmar.de\/web\/wp-json\/wp\/v2\/types\/page"}],"author":[{"embeddable":true,"href":"https:\/\/galerie-dittmar.de\/web\/wp-json\/wp\/v2\/users\/2"}],"replies":[{"embeddable":true,"href":"https:\/\/galerie-dittmar.de\/web\/wp-json\/wp\/v2\/comments?post=1022"}],"version-history":[{"count":3,"href":"https:\/\/galerie-dittmar.de\/web\/wp-json\/wp\/v2\/pages\/1022\/revisions"}],"predecessor-version":[{"id":1038,"href":"https:\/\/galerie-dittmar.de\/web\/wp-json\/wp\/v2\/pages\/1022\/revisions\/1038"}],"up":[{"embeddable":true,"href":"https:\/\/galerie-dittmar.de\/web\/wp-json\/wp\/v2\/pages\/87"}],"wp:attachment":[{"href":"https:\/\/galerie-dittmar.de\/web\/wp-json\/wp\/v2\/media?parent=1022"}],"curies":[{"name":"wp","href":"https:\/\/api.w.org\/{rel}","templated":true}]}}