{"id":1163,"date":"2021-02-15T11:21:38","date_gmt":"2021-02-15T11:21:38","guid":{"rendered":"https:\/\/galerie-dittmar.de\/web\/?page_id=1163"},"modified":"2021-04-16T13:41:18","modified_gmt":"2021-04-16T13:41:18","slug":"li-jin","status":"publish","type":"page","link":"https:\/\/galerie-dittmar.de\/web\/kuenstler\/li-jin\/","title":{"rendered":"LI JIN"},"content":{"rendered":"\n<p style=\"font-size:14px\">LI JIN<\/p>\n\n\n\n<p class=\"has-small-font-size\" style=\"line-height:0\">Biographie<\/p>\n\n\n\n<p class=\"has-small-font-size\" style=\"line-height:0\"><a href=\"https:\/\/galerie-dittmar.de\/web\/kuenstler\/li-jin\/galerie\/\" class=\"ek-link\">Bilder<\/a><\/p>\n\n\n\n<p>Li Jin, 1958 in Tianjin bei Peking geboren, geh\u00f6rt zu den bedeutendsten chinesischen K\u00fcnstlern der Gegenwart. Beteiligung 2008 an den gro\u00dfen \u00dcberblicksausstellungen zur chinesischen Malerei in den Staatlichen Museen zu Berlin und den Staatlichen Kunstsammlungen Dresden. Seinen endg\u00fcltigen internationalen Durchbruch errang er 2010 durch die von einem dreib\u00e4ndigen Katalog begleitete Einzelausstellung im Museum of Fine Arts in Boston.&nbsp;<\/p>\n\n\n\n<p>Li Jin kn\u00fcpft an die Tradition der chinesischen Tuschmalerei an, aus der er seinen eigenen unverwechselbaren Stil entwickelt und der er im Sujet, in der pers\u00f6nlichen Figurenwelt und im Ausdruck v\u00f6llig neue M\u00f6glichkeiten abgewinnt. Seine Themen sind Alltagsszenen, idyllische Tableaus, t\u00e4gliche Verrichtungen, oft auch die eigene Person, Sujets, denen der K\u00fcnstler eine gro\u00dfe Unmittelbarkeit verleiht. H\u00f6chst sublim ist die Wedergabe dieses Allt\u00e4glichen. Durch ein zuweilen im Ansatz karikierendes Element schwingt eine leise Ironie mit, die letztlich von Respekt und Zuneigung den Personen gegen\u00fcber getragen ist und zu der auch ein melancholischer Grundton geh\u00f6rt. Li Jin gelingen hier gro\u00dfe Ausdrucksnuancierungen in der Wiedergabe der Personen. Au\u00dferordentlich virtuos ist die Handhabung der schwarzwei\u00dfen Tusche, das Verm\u00f6gen, mit sparsamsten Mitteln Form zu erzeugen, Stofflichkeit, Volumen und Raum zu schaffen. <\/p>\n\n\n\n<p style=\"font-size:14px;line-height:0\"><\/p>\n","protected":false},"excerpt":{"rendered":"<p>LI JIN Biographie Bilder Li Jin, 1958 in Tianjin bei Peking geboren, geh\u00f6rt zu den bedeutendsten chinesischen K\u00fcnstlern der Gegenwart. Beteiligung 2008 an den gro\u00dfen \u00dcberblicksausstellungen zur chinesischen Malerei in den Staatlichen Museen zu Berlin und den Staatlichen Kunstsammlungen Dresden. Seinen endg\u00fcltigen internationalen Durchbruch errang er 2010 durch die von einem dreib\u00e4ndigen Katalog begleitete Einzelausstellung &hellip; <a href=\"https:\/\/galerie-dittmar.de\/web\/kuenstler\/li-jin\/\" class=\"more-link\"><span class=\"screen-reader-text\">\u201eLI JIN\u201c<\/span> weiterlesen<\/a><\/p>\n","protected":false},"author":2,"featured_media":0,"parent":87,"menu_order":0,"comment_status":"closed","ping_status":"closed","template":"","meta":{"_links_to":"","_links_to_target":""},"_links":{"self":[{"href":"https:\/\/galerie-dittmar.de\/web\/wp-json\/wp\/v2\/pages\/1163"}],"collection":[{"href":"https:\/\/galerie-dittmar.de\/web\/wp-json\/wp\/v2\/pages"}],"about":[{"href":"https:\/\/galerie-dittmar.de\/web\/wp-json\/wp\/v2\/types\/page"}],"author":[{"embeddable":true,"href":"https:\/\/galerie-dittmar.de\/web\/wp-json\/wp\/v2\/users\/2"}],"replies":[{"embeddable":true,"href":"https:\/\/galerie-dittmar.de\/web\/wp-json\/wp\/v2\/comments?post=1163"}],"version-history":[{"count":4,"href":"https:\/\/galerie-dittmar.de\/web\/wp-json\/wp\/v2\/pages\/1163\/revisions"}],"predecessor-version":[{"id":1740,"href":"https:\/\/galerie-dittmar.de\/web\/wp-json\/wp\/v2\/pages\/1163\/revisions\/1740"}],"up":[{"embeddable":true,"href":"https:\/\/galerie-dittmar.de\/web\/wp-json\/wp\/v2\/pages\/87"}],"wp:attachment":[{"href":"https:\/\/galerie-dittmar.de\/web\/wp-json\/wp\/v2\/media?parent=1163"}],"curies":[{"name":"wp","href":"https:\/\/api.w.org\/{rel}","templated":true}]}}