{"id":1252,"date":"2021-02-19T12:11:44","date_gmt":"2021-02-19T12:11:44","guid":{"rendered":"https:\/\/galerie-dittmar.de\/web\/?page_id=1252"},"modified":"2021-02-19T12:13:30","modified_gmt":"2021-02-19T12:13:30","slug":"schaefer","status":"publish","type":"page","link":"https:\/\/galerie-dittmar.de\/web\/kuenstler\/schaefer\/","title":{"rendered":"HORST SCH\u00c4FER"},"content":{"rendered":"\n<p style=\"font-size:14px\">HORST SCH\u00c4FER<\/p>\n\n\n\n<p class=\"has-small-font-size\" style=\"line-height:0\">Biographie<\/p>\n\n\n\n<p class=\"has-small-font-size\" style=\"line-height:0\"><a href=\"https:\/\/galerie-dittmar.de\/web\/kuenstler\/schaefer\/galerie\/\" class=\"ek-link\">Bilder<\/a><\/p>\n\n\n\n<p class=\"has-small-font-size\" style=\"line-height:0\"><a href=\"https:\/\/galerie-dittmar.de\/web\/kuenstler\/schaefer\/publikation\/\" class=\"ek-link\">Publikation<\/a><\/p>\n\n\n\n<p>Horst Sch\u00e4fer 1932 geboren, wanderte, nach erster Agenturt\u00e4tigkeit 1959, 1961 nach New York aus angesichts der Bedeutung der USA f\u00fcr die Pressefotografie. Er wird fr\u00fch Mitarbeiter des New Yorker B\u00fcros von Agence France-Press (AFP) und erlangt Zugang zu den wichtigen Presseagenturen und Fotozeitschriften. Arbeiten und Serien erscheinen unter anderem in Newsweek, Harper\u2019s Bazaar, Life, Fortune. Erster gr\u00f6\u00dferer Beitrag 1962 in US Camera, 1964 Ausstellung von \u201eArchitectural Views\u201c im Rockefeller Center, im folgenden mehrere Fotoreportagen f\u00fcr die New York Times. <\/p>\n\n\n\n<p>1968 erfolgt die Auszeichnung als \u201eOutstanding Press Photographer of the Year 1968\u201c. Nach der R\u00fcckkehr nach Deutschland 1980 Wieder-aufnahme der Agenturt\u00e4tigkeit. Die Zeitschrift Nike. European Photograph gibt 1994 eine gro\u00dfformatige Sondernummer zu Horst Sch\u00e4fer heraus. 1996 findet eine umfassende Ausstellung in den Kunstsammlungen der Veste Coburg und 1997 in der Neuen Sammlung M\u00fcnchen statt. Die Publikation dazu wird mit dem \u201eSappi European Book Printer of the Year Award\u201c ausgezeichnet. <\/p>\n\n\n\n<p>2012 gab die Edition Dittmar, Berlin, eine Buchpublikation zu den New York-Photographien von Horst Sch\u00e4fer mit Fachbeitr\u00e4gen heraus, fast ausschlie\u00dflich aus den sechziger Jahren. Diese Publikation erscheint 2020 in einer g\u00e4nzlich \u00fcberarbeiteten und erweiterten Neuausgabe.<\/p>\n\n\n\n<p style=\"font-size:14px;line-height:0\"><\/p>\n","protected":false},"excerpt":{"rendered":"<p>HORST SCH\u00c4FER Biographie Bilder Publikation Horst Sch\u00e4fer 1932 geboren, wanderte, nach erster Agenturt\u00e4tigkeit 1959, 1961 nach New York aus angesichts der Bedeutung der USA f\u00fcr die Pressefotografie. Er wird fr\u00fch Mitarbeiter des New Yorker B\u00fcros von Agence France-Press (AFP) und erlangt Zugang zu den wichtigen Presseagenturen und Fotozeitschriften. Arbeiten und Serien erscheinen unter anderem in &hellip; <a href=\"https:\/\/galerie-dittmar.de\/web\/kuenstler\/schaefer\/\" class=\"more-link\"><span class=\"screen-reader-text\">\u201eHORST SCH\u00c4FER\u201c<\/span> weiterlesen<\/a><\/p>\n","protected":false},"author":2,"featured_media":0,"parent":87,"menu_order":0,"comment_status":"closed","ping_status":"closed","template":"","meta":{"_links_to":"","_links_to_target":""},"_links":{"self":[{"href":"https:\/\/galerie-dittmar.de\/web\/wp-json\/wp\/v2\/pages\/1252"}],"collection":[{"href":"https:\/\/galerie-dittmar.de\/web\/wp-json\/wp\/v2\/pages"}],"about":[{"href":"https:\/\/galerie-dittmar.de\/web\/wp-json\/wp\/v2\/types\/page"}],"author":[{"embeddable":true,"href":"https:\/\/galerie-dittmar.de\/web\/wp-json\/wp\/v2\/users\/2"}],"replies":[{"embeddable":true,"href":"https:\/\/galerie-dittmar.de\/web\/wp-json\/wp\/v2\/comments?post=1252"}],"version-history":[{"count":1,"href":"https:\/\/galerie-dittmar.de\/web\/wp-json\/wp\/v2\/pages\/1252\/revisions"}],"predecessor-version":[{"id":1255,"href":"https:\/\/galerie-dittmar.de\/web\/wp-json\/wp\/v2\/pages\/1252\/revisions\/1255"}],"up":[{"embeddable":true,"href":"https:\/\/galerie-dittmar.de\/web\/wp-json\/wp\/v2\/pages\/87"}],"wp:attachment":[{"href":"https:\/\/galerie-dittmar.de\/web\/wp-json\/wp\/v2\/media?parent=1252"}],"curies":[{"name":"wp","href":"https:\/\/api.w.org\/{rel}","templated":true}]}}