{"id":1279,"date":"2021-02-19T13:12:31","date_gmt":"2021-02-19T13:12:31","guid":{"rendered":"https:\/\/galerie-dittmar.de\/web\/?page_id=1279"},"modified":"2023-09-12T14:21:17","modified_gmt":"2023-09-12T14:21:17","slug":"schattauer","status":"publish","type":"page","link":"https:\/\/galerie-dittmar.de\/web\/kuenstler\/schattauer\/","title":{"rendered":"NORA SCHATTAUER"},"content":{"rendered":"\n<p style=\"font-size:14px\">NORA SCHATTAUER<\/p>\n\n\n\n<p class=\"has-small-font-size\" style=\"line-height:0\">Biographie<\/p>\n\n\n\n<p class=\"has-small-font-size\" style=\"line-height:0\"><a href=\"https:\/\/galerie-dittmar.de\/web\/kuenstler\/schattauer\/galerie\/\" class=\"ek-link\">Bilder<\/a><\/p>\n\n\n\n<p class=\"has-small-font-size\" style=\"line-height:0\"><a class=\"ek-link\" href=\"https:\/\/galerie-dittmar.de\/web\/kuenstler\/schattauer\/publikation\/\">Publikationen<\/a><\/p>\n\n\n\n<p>Nora Schattauer studierte an der Universit\u00e4t K\u00f6ln und an der Kunstakademie M\u00fcnster. Ausstellungen und Ausstellungsbeteiligungen unter anderem im Neuen Museum Weserburg, Bremen, im Museum Kunstpalast, D\u00fcsseldorf, in der Alfred Erhardt Stiftung, Berlin, der Hamburger Kunsthalle und der Kunstbibliothek Staatliche Museen zu Berlin. Zahlreiche Publikationen. Nora Schattauer besch\u00e4ftigt sich mit Formfragen und Bildprozessen, die die herk\u00f6mmlichen Gattungsgrenzen \u00fcberschreiten. Zeichnung und Malerei, Linie und Farbe sind darin aufgehoben, aber nicht in herk\u00f6mmlicher Weise gestalterisches Element, sondern Ergebnis vermittelter, neu erprobter Verfahrensweisen. Die Weite des Ansatzes unterstreicht, dass diese den \u00e4lteren fotografischen Verfahren verwandt sind.<br><\/p>\n\n\n\n<p>Die K\u00fcnstlerin arbeitet mit chemischen L\u00f6sungen, mineralischen Salzen und S\u00e4uren, die auf das Papier kontrolliert aufgetragen werden, derart, dass ein ann\u00e4hernd regelm\u00e4\u00dfiges, immer neu variiertes Muster das Grundger\u00fcst bildet. Die Substanzen reagieren mit dem Papier, gehen Verbindungen ein und unterliegen nachtr\u00e4glichen Farbver\u00e4nderungen. Das Ergebnis ist nicht g\u00e4nzlich kontrollierbar, Erfahrungswerte erlauben aber vielf\u00e4ltige M\u00f6glichkeiten der Steuerung. Strukturierter Aufbau und farbige Erscheinung sind unaufl\u00f6slich ineinander verwoben, die mikroskopische Formenvielfalt weckt Naturassoziationen, das Pulsieren und Oszillieren Erinnerung an prozessuale Vorg\u00e4nge. Die Formenvielfalt und die farblichen Abstufungen sind nahezu unbegrenzt. Die Gebilde tauchen auf wie Erscheinungen, die, f\u00fcr einen Moment zur Ruhe gekommen, sich wieder entziehen k\u00f6nnen, die Offenheit, das Ver\u00e4nderungspotential scheint den Bildern eingeschrieben.<\/p>\n\n\n\n<p style=\"font-size:14px;line-height:0\"><\/p>\n","protected":false},"excerpt":{"rendered":"<p>NORA SCHATTAUER Biographie Bilder Publikationen Nora Schattauer studierte an der Universit\u00e4t K\u00f6ln und an der Kunstakademie M\u00fcnster. Ausstellungen und Ausstellungsbeteiligungen unter anderem im Neuen Museum Weserburg, Bremen, im Museum Kunstpalast, D\u00fcsseldorf, in der Alfred Erhardt Stiftung, Berlin, der Hamburger Kunsthalle und der Kunstbibliothek Staatliche Museen zu Berlin. Zahlreiche Publikationen. Nora Schattauer besch\u00e4ftigt sich mit Formfragen &hellip; <a href=\"https:\/\/galerie-dittmar.de\/web\/kuenstler\/schattauer\/\" class=\"more-link\"><span class=\"screen-reader-text\">\u201eNORA SCHATTAUER\u201c<\/span> weiterlesen<\/a><\/p>\n","protected":false},"author":2,"featured_media":0,"parent":87,"menu_order":0,"comment_status":"closed","ping_status":"closed","template":"","meta":{"_links_to":"","_links_to_target":""},"_links":{"self":[{"href":"https:\/\/galerie-dittmar.de\/web\/wp-json\/wp\/v2\/pages\/1279"}],"collection":[{"href":"https:\/\/galerie-dittmar.de\/web\/wp-json\/wp\/v2\/pages"}],"about":[{"href":"https:\/\/galerie-dittmar.de\/web\/wp-json\/wp\/v2\/types\/page"}],"author":[{"embeddable":true,"href":"https:\/\/galerie-dittmar.de\/web\/wp-json\/wp\/v2\/users\/2"}],"replies":[{"embeddable":true,"href":"https:\/\/galerie-dittmar.de\/web\/wp-json\/wp\/v2\/comments?post=1279"}],"version-history":[{"count":2,"href":"https:\/\/galerie-dittmar.de\/web\/wp-json\/wp\/v2\/pages\/1279\/revisions"}],"predecessor-version":[{"id":4032,"href":"https:\/\/galerie-dittmar.de\/web\/wp-json\/wp\/v2\/pages\/1279\/revisions\/4032"}],"up":[{"embeddable":true,"href":"https:\/\/galerie-dittmar.de\/web\/wp-json\/wp\/v2\/pages\/87"}],"wp:attachment":[{"href":"https:\/\/galerie-dittmar.de\/web\/wp-json\/wp\/v2\/media?parent=1279"}],"curies":[{"name":"wp","href":"https:\/\/api.w.org\/{rel}","templated":true}]}}