{"id":1307,"date":"2021-02-19T14:36:34","date_gmt":"2021-02-19T14:36:34","guid":{"rendered":"https:\/\/galerie-dittmar.de\/web\/?page_id=1307"},"modified":"2021-10-27T13:50:04","modified_gmt":"2021-10-27T13:50:04","slug":"scully","status":"publish","type":"page","link":"https:\/\/galerie-dittmar.de\/web\/kuenstler\/scully\/","title":{"rendered":"SEAN SCULLY"},"content":{"rendered":"\n<p style=\"font-size:14px\">SEAN SCULLY<\/p>\n\n\n\n<p class=\"has-small-font-size\" style=\"line-height:0\">Biographie<\/p>\n\n\n\n<p>Sean Scully wurde 1945 in Dublin geboren und lebt seit 1975 in die USA. Zu den letzten gro\u00dfen internationalen Ausstellungen geh\u00f6rten die auf den Biennalen in Venedig 2015 und 2019 im Palazzo Falier und in San Giorgio Maggiore, ebenfalls 2019 im Museum f\u00fcr Kunst und Kulturgeschichte in M\u00fcnster. In der Malerei Scullys verbinden sich europ\u00e4ische Bildtraditionen mit \u00e4sthetischen Erfahrungen, die ihre Wurzeln in Amerika haben. Die Bilder zeichnet eine spezifische Bildtektonik aus, die Klarheit des Aufbaus verbindet sich mit der Ausdruckskraft der Farbe. Trotz der vermeintlichen formalen Begrenztheit erstaunt die Ambivalenz und Komplexit\u00e4t des Werkes, der koloristische Reichtum, die Intensit\u00e4t und Pr\u00e4senz der Bilder. Stets wird eine Balance gehalten zwischen den Korrespondenzen und Dissonanzen der Farbfl\u00e4chen, zwischen der \u00dcberschaubarkeit der Komposition und den formalen Gegens\u00e4tzen. In dem pastosen Farbauftrag, der Stimmung und der Kraft und Materialit\u00e4t der Bilder schwingt ein verhaltenes Pathos mit.<\/p>\n\n\n\n<p>In allen Techniken kommen diese Charakteristika zum Tragen. So stehen die monumentalen Leinw\u00e4nde, die Arbeiten auf Papier und die Graphik mit ihren jeweils spezifischen Ausdrucksm\u00f6glichkeiten auf der Basis des entsprechenden Grundvokabulars gleichrangig nebeneinander. Sean Scully: \u201eDer Holzschnitt erweitert die k\u00fcnstlerische Sprache; es gibt hier in der Geschichte wunderbare Ergebnisse. Er unterscheidet sich vom Aquarell und vom Pastell wie diese untereinander differieren, wobei Holzschnitt und Pastell sich in den haptischen und sinnlichen Qualit\u00e4ten \u00e4hneln. Das verwendete Japanpapier f\u00fcr einige meiner Holzschnitte war besonders qualit\u00e4tsvoll und nahm in sch\u00f6nster Weise die Farbe auf.\u201c<\/p>\n\n\n\n<p style=\"font-size:14px;line-height:0\"><\/p>\n","protected":false},"excerpt":{"rendered":"<p>SEAN SCULLY Biographie Sean Scully wurde 1945 in Dublin geboren und lebt seit 1975 in die USA. Zu den letzten gro\u00dfen internationalen Ausstellungen geh\u00f6rten die auf den Biennalen in Venedig 2015 und 2019 im Palazzo Falier und in San Giorgio Maggiore, ebenfalls 2019 im Museum f\u00fcr Kunst und Kulturgeschichte in M\u00fcnster. In der Malerei Scullys &hellip; <a href=\"https:\/\/galerie-dittmar.de\/web\/kuenstler\/scully\/\" class=\"more-link\"><span class=\"screen-reader-text\">\u201eSEAN SCULLY\u201c<\/span> weiterlesen<\/a><\/p>\n","protected":false},"author":2,"featured_media":0,"parent":87,"menu_order":0,"comment_status":"closed","ping_status":"closed","template":"","meta":{"_links_to":"","_links_to_target":""},"_links":{"self":[{"href":"https:\/\/galerie-dittmar.de\/web\/wp-json\/wp\/v2\/pages\/1307"}],"collection":[{"href":"https:\/\/galerie-dittmar.de\/web\/wp-json\/wp\/v2\/pages"}],"about":[{"href":"https:\/\/galerie-dittmar.de\/web\/wp-json\/wp\/v2\/types\/page"}],"author":[{"embeddable":true,"href":"https:\/\/galerie-dittmar.de\/web\/wp-json\/wp\/v2\/users\/2"}],"replies":[{"embeddable":true,"href":"https:\/\/galerie-dittmar.de\/web\/wp-json\/wp\/v2\/comments?post=1307"}],"version-history":[{"count":5,"href":"https:\/\/galerie-dittmar.de\/web\/wp-json\/wp\/v2\/pages\/1307\/revisions"}],"predecessor-version":[{"id":2346,"href":"https:\/\/galerie-dittmar.de\/web\/wp-json\/wp\/v2\/pages\/1307\/revisions\/2346"}],"up":[{"embeddable":true,"href":"https:\/\/galerie-dittmar.de\/web\/wp-json\/wp\/v2\/pages\/87"}],"wp:attachment":[{"href":"https:\/\/galerie-dittmar.de\/web\/wp-json\/wp\/v2\/media?parent=1307"}],"curies":[{"name":"wp","href":"https:\/\/api.w.org\/{rel}","templated":true}]}}