{"id":1326,"date":"2021-02-19T15:16:35","date_gmt":"2021-02-19T15:16:35","guid":{"rendered":"https:\/\/galerie-dittmar.de\/web\/?page_id=1326"},"modified":"2021-10-27T13:45:32","modified_gmt":"2021-10-27T13:45:32","slug":"baselitz","status":"publish","type":"page","link":"https:\/\/galerie-dittmar.de\/web\/kuenstler\/baselitz\/","title":{"rendered":"GEORG BASELITZ"},"content":{"rendered":"\n<p style=\"font-size:14px\">GEORG BASELITZ<\/p>\n\n\n\n<p class=\"has-small-font-size\" style=\"line-height:0\">Biographie<\/p>\n\n\n\n<p class=\"has-small-font-size\" style=\"line-height:0\"><\/p>\n\n\n\n<p class=\"has-small-font-size\" style=\"line-height:0\"><\/p>\n\n\n\n<p>Georg Baselitz, 1938 in Deutschbaselitz geboren, ist in allen klassischen Medien und Techniken zu Hause, neben den Leinwandarbeiten nehmen die Papierarbeiten und die Graphik, auch in der Bewertung des K\u00fcnstlers, einen herausragenden Platz ein. Die Umkehrung des Motivs, die, unter Beibehaltung der Gegenst\u00e4ndlichkeit, die Autonomie des Bildes st\u00e4rkte, eine gr\u00f6\u00dfere Konzentration auf das Formale, das essentiell Malerische und Zeichnerische erm\u00f6glichte, fand ab Ende der sechziger Jahre statt. Dieser wegweisende Impuls l\u00f6ste f\u00fcr die fr\u00fchen siebziger Jahre eine der bedeutendsten Phasen im Werk des K\u00fcnstlers aus. W\u00e4hrend in den Leinw\u00e4nden das expressive Moment vorherrscht, offenbaren die Papierarbeiten die zeichnerische Brillanz des K\u00fcnstlers, die mit wenigen Andeutungen erzielte R\u00e4umlichkeit und Tiefe, eine gr\u00f6\u00dfere Konzentration. Der Vergleich der Tuscharbeit \u201eTeichdamm\u201c von 1974 mit der gleichzeitigen Leinwand \u201eSandteichdamm\u201c, ehemals ein Herzst\u00fcck des Kunstmuseums Bonn (2000 ver\u00e4u\u00dfert), zeigt aufschlussreich die unterschiedliche Anlage und die Ebenb\u00fcrtigkeit beider Fassungen.<\/p>\n","protected":false},"excerpt":{"rendered":"<p>GEORG BASELITZ Biographie Georg Baselitz, 1938 in Deutschbaselitz geboren, ist in allen klassischen Medien und Techniken zu Hause, neben den Leinwandarbeiten nehmen die Papierarbeiten und die Graphik, auch in der Bewertung des K\u00fcnstlers, einen herausragenden Platz ein. Die Umkehrung des Motivs, die, unter Beibehaltung der Gegenst\u00e4ndlichkeit, die Autonomie des Bildes st\u00e4rkte, eine gr\u00f6\u00dfere Konzentration auf &hellip; <a href=\"https:\/\/galerie-dittmar.de\/web\/kuenstler\/baselitz\/\" class=\"more-link\"><span class=\"screen-reader-text\">\u201eGEORG BASELITZ\u201c<\/span> weiterlesen<\/a><\/p>\n","protected":false},"author":2,"featured_media":0,"parent":87,"menu_order":0,"comment_status":"closed","ping_status":"closed","template":"","meta":{"_links_to":"","_links_to_target":""},"_links":{"self":[{"href":"https:\/\/galerie-dittmar.de\/web\/wp-json\/wp\/v2\/pages\/1326"}],"collection":[{"href":"https:\/\/galerie-dittmar.de\/web\/wp-json\/wp\/v2\/pages"}],"about":[{"href":"https:\/\/galerie-dittmar.de\/web\/wp-json\/wp\/v2\/types\/page"}],"author":[{"embeddable":true,"href":"https:\/\/galerie-dittmar.de\/web\/wp-json\/wp\/v2\/users\/2"}],"replies":[{"embeddable":true,"href":"https:\/\/galerie-dittmar.de\/web\/wp-json\/wp\/v2\/comments?post=1326"}],"version-history":[{"count":4,"href":"https:\/\/galerie-dittmar.de\/web\/wp-json\/wp\/v2\/pages\/1326\/revisions"}],"predecessor-version":[{"id":2344,"href":"https:\/\/galerie-dittmar.de\/web\/wp-json\/wp\/v2\/pages\/1326\/revisions\/2344"}],"up":[{"embeddable":true,"href":"https:\/\/galerie-dittmar.de\/web\/wp-json\/wp\/v2\/pages\/87"}],"wp:attachment":[{"href":"https:\/\/galerie-dittmar.de\/web\/wp-json\/wp\/v2\/media?parent=1326"}],"curies":[{"name":"wp","href":"https:\/\/api.w.org\/{rel}","templated":true}]}}