{"id":1351,"date":"2021-02-20T10:34:37","date_gmt":"2021-02-20T10:34:37","guid":{"rendered":"https:\/\/galerie-dittmar.de\/web\/?page_id=1351"},"modified":"2021-02-26T15:06:00","modified_gmt":"2021-02-26T15:06:00","slug":"deininger-jaugstetter","status":"publish","type":"page","link":"https:\/\/galerie-dittmar.de\/web\/kuenstler\/deininger-jaugstetter\/","title":{"rendered":"DEININGER, JAUGSTETTER"},"content":{"rendered":"\n<p style=\"font-size:14px\">TINA DEININGER, GERHARD JAUGSTETTER<\/p>\n\n\n\n<p class=\"has-small-font-size\" style=\"line-height:0\">Biographie<\/p>\n\n\n\n<p class=\"has-small-font-size\" style=\"line-height:0\"><a href=\"https:\/\/galerie-dittmar.de\/web\/kuenstler\/deininger-jaugstetter\/galerie\/\" class=\"ek-link\">Bilder<\/a><\/p>\n\n\n\n<p>Der Ausgangspunkt f\u00fcr die fotografische Serie \u201ePessoas Lissbon\u201c von Tina Deiniger und Gerhard Jaugstetter war der portugiesische Schriftsteller Fernando Pessoa, der das Wesen und die Geschichte seines Landes, besonders Lissabons und seiner Menschen in dichten Bildern beschworen hat. Die Bilder der Fotografen fangen, unabh\u00e4ngig von allem rein Dokumentarischen und Anekdotischen, Momente ein, die eine Grundstimmung, ein bestimmtes Sentiment spiegeln. Es spielt viel Schattiges, N\u00e4chtiges hinein, das metaphorisch zu lesen ist und zudem vor allen inhaltlichen Bez\u00fcgen eine technische Herausforderung f\u00fcr die Fotografen bedeutete. Fern jeder Inszenierung, aber von gro\u00dfer formaler Sicherheit, verdichten sich die Bilder zu Tableaus von nahezu sinnbildlicher Kraft. Das Lebensgef\u00fchl, dem Ausdruck gegeben wird und etwas Zeitloses, eine historische Tiefenschicht anklingen l\u00e4sst, h\u00e4lt sich frei von jeder Nostalgie. <\/p>\n\n\n\n<p>Das alles ist dem Lissabon nah, wie Pessoa es sah, sich erwanderte und imaginierte und als Projektionsfl\u00e4che f\u00fcr seine inneren Reisen nahm. Die getonten Barytabz\u00fcge geben der hier vorherrschenden melancholischen Stimmung Ausdruck. Aber das gegenw\u00e4rtige Lissabon bleibt in den Fotografien das Thema, es wird nicht geleugnet und doch transzendiert. So wird hier in Bezug auf den literarischen Ausgangspunkt auch die alte Frage ber\u00fchrt, in welchem Verh\u00e4ltnis Sprache und Bild in ihrer Ann\u00e4herung an die Wirklichkeit stehen. <\/p>\n\n\n\n<p>Tina Deininger und Gerhard Jaugstetter verschrieben sich ab 1990 umfangreichen, oft durch Literatur angeregten fotografischen Projekten vorwiegend im spanisch-portugiesischen Sprachraum. Stationen waren neben Lissabon unter anderem Rio de Janeiro und Buenos Aires. Die Werkgruppe \u201ePessoas Lissabon\u201c fand gro\u00dfe Beachtung, 1997 erschien dazu ein umfangreicher Band, zahlreiche Ausstellungen folgten, unter anderem im Literaturhaus M\u00fcnchen. Die Lissabon-Bilder wurden ikonisch, sie begleiteten unz\u00e4hlige Ver\u00f6ffentlichungen zur Kultur und Literatur Portugals.<\/p>\n\n\n\n<p style=\"font-size:14px;line-height:0\"><\/p>\n","protected":false},"excerpt":{"rendered":"<p>TINA DEININGER, GERHARD JAUGSTETTER Biographie Bilder Der Ausgangspunkt f\u00fcr die fotografische Serie \u201ePessoas Lissbon\u201c von Tina Deiniger und Gerhard Jaugstetter war der portugiesische Schriftsteller Fernando Pessoa, der das Wesen und die Geschichte seines Landes, besonders Lissabons und seiner Menschen in dichten Bildern beschworen hat. Die Bilder der Fotografen fangen, unabh\u00e4ngig von allem rein Dokumentarischen und &hellip; <a href=\"https:\/\/galerie-dittmar.de\/web\/kuenstler\/deininger-jaugstetter\/\" class=\"more-link\"><span class=\"screen-reader-text\">\u201eDEININGER, JAUGSTETTER\u201c<\/span> weiterlesen<\/a><\/p>\n","protected":false},"author":2,"featured_media":0,"parent":87,"menu_order":0,"comment_status":"closed","ping_status":"closed","template":"","meta":{"_links_to":"","_links_to_target":""},"_links":{"self":[{"href":"https:\/\/galerie-dittmar.de\/web\/wp-json\/wp\/v2\/pages\/1351"}],"collection":[{"href":"https:\/\/galerie-dittmar.de\/web\/wp-json\/wp\/v2\/pages"}],"about":[{"href":"https:\/\/galerie-dittmar.de\/web\/wp-json\/wp\/v2\/types\/page"}],"author":[{"embeddable":true,"href":"https:\/\/galerie-dittmar.de\/web\/wp-json\/wp\/v2\/users\/2"}],"replies":[{"embeddable":true,"href":"https:\/\/galerie-dittmar.de\/web\/wp-json\/wp\/v2\/comments?post=1351"}],"version-history":[{"count":3,"href":"https:\/\/galerie-dittmar.de\/web\/wp-json\/wp\/v2\/pages\/1351\/revisions"}],"predecessor-version":[{"id":1476,"href":"https:\/\/galerie-dittmar.de\/web\/wp-json\/wp\/v2\/pages\/1351\/revisions\/1476"}],"up":[{"embeddable":true,"href":"https:\/\/galerie-dittmar.de\/web\/wp-json\/wp\/v2\/pages\/87"}],"wp:attachment":[{"href":"https:\/\/galerie-dittmar.de\/web\/wp-json\/wp\/v2\/media?parent=1351"}],"curies":[{"name":"wp","href":"https:\/\/api.w.org\/{rel}","templated":true}]}}