{"id":1371,"date":"2021-02-20T12:12:54","date_gmt":"2021-02-20T12:12:54","guid":{"rendered":"https:\/\/galerie-dittmar.de\/web\/?page_id=1371"},"modified":"2021-02-22T12:35:06","modified_gmt":"2021-02-22T12:35:06","slug":"rossi","status":"publish","type":"page","link":"https:\/\/galerie-dittmar.de\/web\/kuenstler\/rossi\/","title":{"rendered":"ALDO ROSSI"},"content":{"rendered":"\n<p style=\"font-size:14px\">ALDO ROSSI<\/p>\n\n\n\n<p class=\"has-small-font-size\" style=\"line-height:0\">Biographie<\/p>\n\n\n\n<p class=\"has-small-font-size\" style=\"line-height:0\"><a href=\"https:\/\/galerie-dittmar.de\/web\/kuenstler\/rossi\/galerie\/\" class=\"ek-link\">Bilder<\/a><\/p>\n\n\n\n<p>Aldo Rossi, einer der bedeutendsten Architekturtheoretiker des 20. Jahrhunderts, hatte sich gegen das geschichtsentleerte moderne Bauen gewandt, das die St\u00e4dte ihres historischen Zusammenhangs und ihrer urspr\u00fcnglichen Funktion beraubte. Dem setzte er die Vorstellung einer rationalen Architektur entgegen, die die europ\u00e4ische Stadt im Bewusstsein lebendig hielt und ihre Baugeschichte als Idee und als Orientierung zu bewahren suchte. Die Tradition hatte sich nicht dem Neuen zu verschlie\u00dfen, sondern der Architektur durch den ihr innewohnenden archetypischen Kern neue Wege zu \u00f6ffnen. <\/p>\n\n\n\n<p>Gleichzeitig war Aldo Rossi ein hochbedeutender Zeichner. Er schuf ein au\u00dferordentlich vielf\u00e4ltiges zeichnerisches Werk, das seine Theorien begleitete wie seine Bauvorhaben oder ganz autonom angelegt ist. Die Grenzen k\u00f6nnen verschwimmen; utopische Vorstellungen, das typologische Arsenal des Architekten und konkrete Pl\u00e4ne k\u00f6nnen sich verbinden. Auch die projektbezogenen Zeichnungen haben stets eine gro\u00dfe Ausdrucksqualit\u00e4t.<\/p>\n\n\n\n<p style=\"font-size:14px;line-height:0\"><\/p>\n","protected":false},"excerpt":{"rendered":"<p>ALDO ROSSI Biographie Bilder Aldo Rossi, einer der bedeutendsten Architekturtheoretiker des 20. Jahrhunderts, hatte sich gegen das geschichtsentleerte moderne Bauen gewandt, das die St\u00e4dte ihres historischen Zusammenhangs und ihrer urspr\u00fcnglichen Funktion beraubte. Dem setzte er die Vorstellung einer rationalen Architektur entgegen, die die europ\u00e4ische Stadt im Bewusstsein lebendig hielt und ihre Baugeschichte als Idee und &hellip; <a href=\"https:\/\/galerie-dittmar.de\/web\/kuenstler\/rossi\/\" class=\"more-link\"><span class=\"screen-reader-text\">\u201eALDO ROSSI\u201c<\/span> weiterlesen<\/a><\/p>\n","protected":false},"author":2,"featured_media":0,"parent":87,"menu_order":0,"comment_status":"closed","ping_status":"closed","template":"","meta":{"_links_to":"","_links_to_target":""},"_links":{"self":[{"href":"https:\/\/galerie-dittmar.de\/web\/wp-json\/wp\/v2\/pages\/1371"}],"collection":[{"href":"https:\/\/galerie-dittmar.de\/web\/wp-json\/wp\/v2\/pages"}],"about":[{"href":"https:\/\/galerie-dittmar.de\/web\/wp-json\/wp\/v2\/types\/page"}],"author":[{"embeddable":true,"href":"https:\/\/galerie-dittmar.de\/web\/wp-json\/wp\/v2\/users\/2"}],"replies":[{"embeddable":true,"href":"https:\/\/galerie-dittmar.de\/web\/wp-json\/wp\/v2\/comments?post=1371"}],"version-history":[{"count":2,"href":"https:\/\/galerie-dittmar.de\/web\/wp-json\/wp\/v2\/pages\/1371\/revisions"}],"predecessor-version":[{"id":1380,"href":"https:\/\/galerie-dittmar.de\/web\/wp-json\/wp\/v2\/pages\/1371\/revisions\/1380"}],"up":[{"embeddable":true,"href":"https:\/\/galerie-dittmar.de\/web\/wp-json\/wp\/v2\/pages\/87"}],"wp:attachment":[{"href":"https:\/\/galerie-dittmar.de\/web\/wp-json\/wp\/v2\/media?parent=1371"}],"curies":[{"name":"wp","href":"https:\/\/api.w.org\/{rel}","templated":true}]}}