{"id":1433,"date":"2021-02-26T07:11:59","date_gmt":"2021-02-26T07:11:59","guid":{"rendered":"https:\/\/galerie-dittmar.de\/web\/?page_id=1433"},"modified":"2021-02-26T07:15:11","modified_gmt":"2021-02-26T07:15:11","slug":"altenbourg","status":"publish","type":"page","link":"https:\/\/galerie-dittmar.de\/web\/kuenstler\/altenbourg\/","title":{"rendered":"GERHARD ALTENBOURG"},"content":{"rendered":"\n<p style=\"font-size:14px\">GERHARD ALTENBOURG<\/p>\n\n\n\n<p class=\"has-small-font-size\" style=\"line-height:0\">Biographie<\/p>\n\n\n\n<p class=\"has-small-font-size\" style=\"line-height:0\"><a href=\"https:\/\/galerie-dittmar.de\/web\/kuenstler\/altenbourg\/galerie\/\" class=\"ek-link\">Bilder<\/a><\/p>\n\n\n\n<p>Gerhard Altenbourg (1926 \u2013 1989) lebte zur\u00fcckgezogen im th\u00fcringischen Altenburg und schuf in der Abgeschiedenheit ein Werk, das ganz f\u00fcr sich steht. Eine gewisse geistige N\u00e4he besteht zu Arp, Klee oder Wols, die aber nur die Eigenst\u00e4ndigkeit von Altenbourg aufzeigt. Aus dem zeichnerischen Gewirr der phantatischen Bilderwelten des K\u00fcnstlers kristallisieren sich landschaftliche, figurative und physiognomische Formen heraus. In den geologischen Strukturen und dem zarten Gespinst ist die Natur als Ausgangspunkt immer mitgegeben. Sie f\u00fchrt zu einer Poetisierung und Verr\u00e4tselung der Landschaft, w\u00e4hrend sich die Figuren ihrerseits in einem abstrakten, vegetativen Liniengewirr aufl\u00f6sen k\u00f6nnen. \u201eDie r\u00e4tselhaft-abstrakten, auch verst\u00f6renden Bildwelten\u201c Altenbourgs sind \u201eintime Handlungsorte k\u00fcnstlerischer Findungsprozesse\u201c. (Kupferstich-Kabinett Dresden, 2014) Seit den achtziger Jahren gro\u00dfe Museumsausstellungen unter anderem in Berlin, Bremen, Dresden, D\u00fcsseldorf, Hannover. <\/p>\n\n\n\n<p>Der Holzschnitt war ein bevorzugtes Medium Altenbourgs. F\u00fchrende K\u00fcnstler der Moderne bedienten sich dieser anspruchsvollen Technik und schufen Hauptwerke auf diesem Feld (Gauguin, Munch, Kirchner, Baselitz, Sean Scully, Franz Gertsch). Im Werk von Altenbourg nimmt er einen zentralen Platz ein. Virtuos arbeitet der K\u00fcnstler mit dem Material und seinen spezifischen Eigenschaften und integriert dessen Struktur in seine Bildform.<\/p>\n","protected":false},"excerpt":{"rendered":"<p>GERHARD ALTENBOURG Biographie Bilder Gerhard Altenbourg (1926 \u2013 1989) lebte zur\u00fcckgezogen im th\u00fcringischen Altenburg und schuf in der Abgeschiedenheit ein Werk, das ganz f\u00fcr sich steht. Eine gewisse geistige N\u00e4he besteht zu Arp, Klee oder Wols, die aber nur die Eigenst\u00e4ndigkeit von Altenbourg aufzeigt. Aus dem zeichnerischen Gewirr der phantatischen Bilderwelten des K\u00fcnstlers kristallisieren sich &hellip; <a href=\"https:\/\/galerie-dittmar.de\/web\/kuenstler\/altenbourg\/\" class=\"more-link\"><span class=\"screen-reader-text\">\u201eGERHARD ALTENBOURG\u201c<\/span> weiterlesen<\/a><\/p>\n","protected":false},"author":2,"featured_media":0,"parent":87,"menu_order":0,"comment_status":"closed","ping_status":"closed","template":"","meta":{"_links_to":"","_links_to_target":""},"_links":{"self":[{"href":"https:\/\/galerie-dittmar.de\/web\/wp-json\/wp\/v2\/pages\/1433"}],"collection":[{"href":"https:\/\/galerie-dittmar.de\/web\/wp-json\/wp\/v2\/pages"}],"about":[{"href":"https:\/\/galerie-dittmar.de\/web\/wp-json\/wp\/v2\/types\/page"}],"author":[{"embeddable":true,"href":"https:\/\/galerie-dittmar.de\/web\/wp-json\/wp\/v2\/users\/2"}],"replies":[{"embeddable":true,"href":"https:\/\/galerie-dittmar.de\/web\/wp-json\/wp\/v2\/comments?post=1433"}],"version-history":[{"count":2,"href":"https:\/\/galerie-dittmar.de\/web\/wp-json\/wp\/v2\/pages\/1433\/revisions"}],"predecessor-version":[{"id":1438,"href":"https:\/\/galerie-dittmar.de\/web\/wp-json\/wp\/v2\/pages\/1433\/revisions\/1438"}],"up":[{"embeddable":true,"href":"https:\/\/galerie-dittmar.de\/web\/wp-json\/wp\/v2\/pages\/87"}],"wp:attachment":[{"href":"https:\/\/galerie-dittmar.de\/web\/wp-json\/wp\/v2\/media?parent=1433"}],"curies":[{"name":"wp","href":"https:\/\/api.w.org\/{rel}","templated":true}]}}