{"id":3333,"date":"2022-06-13T15:11:40","date_gmt":"2022-06-13T15:11:40","guid":{"rendered":"https:\/\/galerie-dittmar.de\/web\/?page_id=3333"},"modified":"2022-06-17T14:34:20","modified_gmt":"2022-06-17T14:34:20","slug":"el-haik","status":"publish","type":"page","link":"https:\/\/galerie-dittmar.de\/web\/kuenstler\/el-haik\/","title":{"rendered":"MYRIAM EL HA\u00efK"},"content":{"rendered":"\n<p style=\"font-size:14px\">MYRIAM EL HA\u00efK<\/p>\n\n\n\n<p class=\"has-small-font-size\" style=\"line-height:0\">Biographie<\/p>\n\n\n\n<p class=\"has-small-font-size\" style=\"line-height:0\"><a href=\"https:\/\/galerie-dittmar.de\/web\/kuenstler\/el-haik-galerie\" class=\"ek-link\">Bilder<\/a><\/p>\n\n\n\n<p>Myriam\u00a0El\u00a0Ha\u00efk ist eine marokkanisch-franz\u00f6sische K\u00fcnstlerin, Komponistin und Performance-K\u00fcnstlerin. Sie lebt und arbeitet in Berlin, Paris und Rabat. Ihre k\u00fcnstlerische Sprache basiert auf bestimmten Zeichen und Mustern und ist sowohl von der marokkanischen wie der europ\u00e4ischen Kultur inspiriert. Sie konzentriert sich in ihrer Arbeit auf die Verbindung von Musik und visueller Kunst und entwickelt Notationssysteme, deren Ausgangspunkt repetitiv, minimalistische musikalische St\u00fccke sind, Kompositionen der K\u00fcnstlerin.<\/p>\n\n\n\n<p>So entsprechen ihre Arbeiten visuellen Transkriptionen musikalischer Strukturen, wie das in gleichem Ma\u00dfe f\u00fcr ihre Installationen, Videos und Performance-Auftritte gilt. Diese reich rhythmisierten Ausdrucksformen sind in gleichem Ma\u00dfe komplex wie reduziert, medien\u00fcbergreifend angelegt und in sich koh\u00e4rent.&nbsp;Neben Einzel- und Gruppenausstellungen in Marokko und Europa hatte die K\u00fcnstlerin Performanceauftritte in Paris, London, Montreal und New York.<\/p>\n\n\n\n<p style=\"font-size:14px;line-height:0\"><\/p>\n","protected":false},"excerpt":{"rendered":"<p>MYRIAM EL HA\u00efK Biographie Bilder Myriam\u00a0El\u00a0Ha\u00efk ist eine marokkanisch-franz\u00f6sische K\u00fcnstlerin, Komponistin und Performance-K\u00fcnstlerin. Sie lebt und arbeitet in Berlin, Paris und Rabat. Ihre k\u00fcnstlerische Sprache basiert auf bestimmten Zeichen und Mustern und ist sowohl von der marokkanischen wie der europ\u00e4ischen Kultur inspiriert. Sie konzentriert sich in ihrer Arbeit auf die Verbindung von Musik und visueller &hellip; <a href=\"https:\/\/galerie-dittmar.de\/web\/kuenstler\/el-haik\/\" class=\"more-link\"><span class=\"screen-reader-text\">\u201eMYRIAM EL HA\u00efK\u201c<\/span> weiterlesen<\/a><\/p>\n","protected":false},"author":2,"featured_media":0,"parent":87,"menu_order":0,"comment_status":"closed","ping_status":"closed","template":"","meta":{"_links_to":"","_links_to_target":""},"_links":{"self":[{"href":"https:\/\/galerie-dittmar.de\/web\/wp-json\/wp\/v2\/pages\/3333"}],"collection":[{"href":"https:\/\/galerie-dittmar.de\/web\/wp-json\/wp\/v2\/pages"}],"about":[{"href":"https:\/\/galerie-dittmar.de\/web\/wp-json\/wp\/v2\/types\/page"}],"author":[{"embeddable":true,"href":"https:\/\/galerie-dittmar.de\/web\/wp-json\/wp\/v2\/users\/2"}],"replies":[{"embeddable":true,"href":"https:\/\/galerie-dittmar.de\/web\/wp-json\/wp\/v2\/comments?post=3333"}],"version-history":[{"count":10,"href":"https:\/\/galerie-dittmar.de\/web\/wp-json\/wp\/v2\/pages\/3333\/revisions"}],"predecessor-version":[{"id":3399,"href":"https:\/\/galerie-dittmar.de\/web\/wp-json\/wp\/v2\/pages\/3333\/revisions\/3399"}],"up":[{"embeddable":true,"href":"https:\/\/galerie-dittmar.de\/web\/wp-json\/wp\/v2\/pages\/87"}],"wp:attachment":[{"href":"https:\/\/galerie-dittmar.de\/web\/wp-json\/wp\/v2\/media?parent=3333"}],"curies":[{"name":"wp","href":"https:\/\/api.w.org\/{rel}","templated":true}]}}