{"id":3447,"date":"2022-07-13T15:30:18","date_gmt":"2022-07-13T15:30:18","guid":{"rendered":"https:\/\/galerie-dittmar.de\/web\/?page_id=3447"},"modified":"2023-03-13T15:40:59","modified_gmt":"2023-03-13T15:40:59","slug":"gille","status":"publish","type":"page","link":"https:\/\/galerie-dittmar.de\/web\/kuenstler\/gille\/","title":{"rendered":"ANNA GILLE"},"content":{"rendered":"\n<p style=\"font-size:14px\">ANNA GILLE<\/p>\n\n\n\n<p class=\"has-small-font-size\" style=\"line-height:0\">Biographie<\/p>\n\n\n\n<p class=\"has-small-font-size\" style=\"line-height:0\"><a href=\"https:\/\/galerie-dittmar.de\/web\/kuenstler\/gille-galerie\/\" class=\"ek-link\">Bilder<\/a><\/p>\n\n\n\n<p><br>Anna Gille, 1986 in Dresden geboren, lebt und arbeitet in Berlin. Sie studierte an der Hochschule f\u00fcr Grafik und Buchkunst Leipzig und der \u00c9cole Nationale Sup\u00e9rieure des Beaux-Arts de Lyon. 2014 Projektf\u00f6rderung der Kulturstiftung Sachsen.&nbsp;Unter anderem Beteiligung an den Ausstellungen in der Weserburg Museum f\u00fcr Moderne Kunst in Bremen, in der Bundeskunsthalle&nbsp;Bonn&nbsp;und in den&nbsp;Kunstsaelen Berlin. 2019 Gr\u00fcndung der Plattform und Ausstellungsreihe f\u00fcr Zeichnung \u201eDrawing Wow\u201c, 2020 Stipendium Kulturprojekte Berlin.<\/p>\n\n\n\n<p>Anna Gille n\u00e4hert sich dem klassischen Thema der Landschaft perspektivenreich, auf unterschiedliche Art, verschiedene Wege verkn\u00fcpfend. In ihren Zeichnungen verbindet sie die Sicht auf die Natur an sich und unsere in diese projizierten Vorstellungen. Die K\u00fcnstlerin besch\u00e4ftigt sich mit dem Dualismus von Vorgegebenem und Gestaltetem, Gewachsenem und Kultiviertem, Landschaft als Natur und Entwurf. Es handelt sich um eine zeichnerische und malerische Ann\u00e4herungan existierende Naturorte, wie Parks, W\u00e4lder und Brachfl\u00e4chen, sowie virtuelle Landschaften. Vom realen Erlebnis \u00fcber die fotografische Skizze bis zur Arbeit an der Zeichnung im Atelier findet eine Umwandlung statt; die Unterschiede zwischen den tats\u00e4chlichen und imaginierten Orten l\u00f6sen sich in der Umkreisung des Motivs auf. Es geht um ein Spiel mit dem Konkreten und der Abstraktion und die Erschlie\u00dfung des strukturellen Kerns. Das Fehlen jeglicher erz\u00e4hlerischen Elemente im Ergebnis erm\u00f6glicht eine Offenheit und Mehrdeutigkeit, die die Arbeiten von ihrem Ursprung l\u00f6sen. In ihrer endg\u00fcltigen Form sind sie nur noch sich selbst verpflichtet.<\/p>\n\n\n\n<p>Der konzeptionelle Ansatz von Anna Gille ber\u00fchrt zentrale Fragen der Landschaftsdarstellung. Es ist die Leistung der K\u00fcnstlerin, in diesem Grenzbereich und auf diesem Wege intensive Naturbilder zu realisieren und dem traditionsges\u00e4ttigten Thema neue M\u00f6glichkeiten zu erschlie\u00dfen.<\/p>\n\n\n\n<p style=\"font-size:14px;line-height:0\"><\/p>\n","protected":false},"excerpt":{"rendered":"<p>ANNA GILLE Biographie Bilder Anna Gille, 1986 in Dresden geboren, lebt und arbeitet in Berlin. Sie studierte an der Hochschule f\u00fcr Grafik und Buchkunst Leipzig und der \u00c9cole Nationale Sup\u00e9rieure des Beaux-Arts de Lyon. 2014 Projektf\u00f6rderung der Kulturstiftung Sachsen.&nbsp;Unter anderem Beteiligung an den Ausstellungen in der Weserburg Museum f\u00fcr Moderne Kunst in Bremen, in der &hellip; <a href=\"https:\/\/galerie-dittmar.de\/web\/kuenstler\/gille\/\" class=\"more-link\"><span class=\"screen-reader-text\">\u201eANNA GILLE\u201c<\/span> weiterlesen<\/a><\/p>\n","protected":false},"author":2,"featured_media":0,"parent":87,"menu_order":0,"comment_status":"closed","ping_status":"closed","template":"","meta":{"_links_to":"","_links_to_target":""},"_links":{"self":[{"href":"https:\/\/galerie-dittmar.de\/web\/wp-json\/wp\/v2\/pages\/3447"}],"collection":[{"href":"https:\/\/galerie-dittmar.de\/web\/wp-json\/wp\/v2\/pages"}],"about":[{"href":"https:\/\/galerie-dittmar.de\/web\/wp-json\/wp\/v2\/types\/page"}],"author":[{"embeddable":true,"href":"https:\/\/galerie-dittmar.de\/web\/wp-json\/wp\/v2\/users\/2"}],"replies":[{"embeddable":true,"href":"https:\/\/galerie-dittmar.de\/web\/wp-json\/wp\/v2\/comments?post=3447"}],"version-history":[{"count":9,"href":"https:\/\/galerie-dittmar.de\/web\/wp-json\/wp\/v2\/pages\/3447\/revisions"}],"predecessor-version":[{"id":3802,"href":"https:\/\/galerie-dittmar.de\/web\/wp-json\/wp\/v2\/pages\/3447\/revisions\/3802"}],"up":[{"embeddable":true,"href":"https:\/\/galerie-dittmar.de\/web\/wp-json\/wp\/v2\/pages\/87"}],"wp:attachment":[{"href":"https:\/\/galerie-dittmar.de\/web\/wp-json\/wp\/v2\/media?parent=3447"}],"curies":[{"name":"wp","href":"https:\/\/api.w.org\/{rel}","templated":true}]}}