{"id":521,"date":"2021-01-24T16:38:46","date_gmt":"2021-01-24T16:38:40","guid":{"rendered":"https:\/\/galerie-dittmar.de\/web\/kuenstler\/mona-breede-2\/"},"modified":"2021-02-15T14:39:21","modified_gmt":"2021-02-15T14:39:21","slug":"liebmann","status":"publish","type":"page","link":"https:\/\/galerie-dittmar.de\/web\/kuenstler\/liebmann\/","title":{"rendered":"KATJA LIEBMANN"},"content":{"rendered":"\n<p style=\"font-size:14px\">KATJA LIEBMANN<\/p>\n\n\n\n<p class=\"has-small-font-size\" style=\"line-height:0\">Biographie<\/p>\n\n\n\n<p class=\"has-small-font-size\" style=\"line-height:0\"><a href=\"https:\/\/galerie-dittmar.de\/web\/kuenstler\/liebmann\/galerie\/\">Bilder<\/a><\/p>\n\n\n\n<p class=\"has-small-font-size\" style=\"line-height:0\"><a href=\"https:\/\/galerie-dittmar.de\/web\/kuenstler\/liebmann\/publikation\/\">Publikation<\/a><\/p>\n\n\n\n<p class=\"has-small-font-size\" style=\"line-height:0\"><\/p>\n\n\n\n<p class=\"has-small-font-size\">Katja Liebmann wurde 1965 in Halle an der Saale geboren. Von 1985-1988 Studium an der Hochschule f\u00fcr Grafik und Buchkunst in Leipzig, danach bis 1995 Kunststudium in N\u00fcrnberg und Berlin. 1995 DAAD Stipendium f\u00fcr London, dort Studium am Royal College of Art und 1997-1998 Lehraufenthalt an der State University New York, anschlie\u00dfend Lehrt\u00e4tigkeit am London College of Printing. 1998 Ankauf der Werkgruppe \u201eGotham City\u201c durch die Saatchi Collection London, im gleichen Jahr Nominierung f\u00fcr den Citibank Photography Prize, London. 2000  Stipendium der Hasselblad Foundation G\u00f6teborg, Schweden mit Ausstellung. Im Jahr danach Ausstellung im Goethe-Institut in London. Seit 2003 Dozentin f\u00fcr K\u00fcnstlerische Druckgrafik an der Universit\u00e4t Oldenburg.<\/p>\n\n\n\n<p class=\"has-small-font-size\">Die fotografischen Arbeiten Katja Liebmanns reflektieren die Geschichte des Mediums und seine urspr\u00fcnglichen einfachen Praktiken. Mit den elementaren Mitteln werden neue M\u00f6glichkeiten erschlossen. Die Realit\u00e4t erscheint gefiltert, in anderer Perspektivik oder in eine eigene Bildqualit\u00e4t \u00fcberf\u00fchrt \u2013 durch den Belichtungsvorgang, die Farbwerte, durch \u00dcberblendung, das Arbeiten in Sequenzen. Teil der Naturdarstellungen oder der St\u00e4dtebilder sind die Winterlandschaften. Den wie beil\u00e4ufig aufgenommenen Motiven gibt die Art der Umsetzung, die Belichtung von Gro\u00dfnegativen auf den B\u00fcttenpapieren, die blaue Farbe einen eigenen Ausdruckswert. Hierzu geh\u00f6rt die Reminiszenz an die romantische Landschaftsmalerei; sie hebt die Bilder zus\u00e4tzlich auf eine andere, abstraktere Ebene und erzeugt Distanz. So f\u00fchren diese Arbeiten auf dem Wege der Schaffung einer neuen, spezifischen Bildqualit\u00e4t zum Kern der Realit\u00e4t zur\u00fcck und zu einem unmittelbaren Sehen.<\/p>\n","protected":false},"excerpt":{"rendered":"<p>KATJA LIEBMANN Biographie Bilder Publikation Katja Liebmann wurde 1965 in Halle an der Saale geboren. Von 1985-1988 Studium an der Hochschule f\u00fcr Grafik und Buchkunst in Leipzig, danach bis 1995 Kunststudium in N\u00fcrnberg und Berlin. 1995 DAAD Stipendium f\u00fcr London, dort Studium am Royal College of Art und 1997-1998 Lehraufenthalt an der State University New &hellip; <a href=\"https:\/\/galerie-dittmar.de\/web\/kuenstler\/liebmann\/\" class=\"more-link\"><span class=\"screen-reader-text\">\u201eKATJA LIEBMANN\u201c<\/span> weiterlesen<\/a><\/p>\n","protected":false},"author":1,"featured_media":0,"parent":87,"menu_order":1,"comment_status":"closed","ping_status":"closed","template":"","meta":{"_links_to":"","_links_to_target":""},"_links":{"self":[{"href":"https:\/\/galerie-dittmar.de\/web\/wp-json\/wp\/v2\/pages\/521"}],"collection":[{"href":"https:\/\/galerie-dittmar.de\/web\/wp-json\/wp\/v2\/pages"}],"about":[{"href":"https:\/\/galerie-dittmar.de\/web\/wp-json\/wp\/v2\/types\/page"}],"author":[{"embeddable":true,"href":"https:\/\/galerie-dittmar.de\/web\/wp-json\/wp\/v2\/users\/1"}],"replies":[{"embeddable":true,"href":"https:\/\/galerie-dittmar.de\/web\/wp-json\/wp\/v2\/comments?post=521"}],"version-history":[{"count":5,"href":"https:\/\/galerie-dittmar.de\/web\/wp-json\/wp\/v2\/pages\/521\/revisions"}],"predecessor-version":[{"id":1230,"href":"https:\/\/galerie-dittmar.de\/web\/wp-json\/wp\/v2\/pages\/521\/revisions\/1230"}],"up":[{"embeddable":true,"href":"https:\/\/galerie-dittmar.de\/web\/wp-json\/wp\/v2\/pages\/87"}],"wp:attachment":[{"href":"https:\/\/galerie-dittmar.de\/web\/wp-json\/wp\/v2\/media?parent=521"}],"curies":[{"name":"wp","href":"https:\/\/api.w.org\/{rel}","templated":true}]}}