{"id":732,"date":"2021-01-31T18:57:17","date_gmt":"2021-01-31T18:57:17","guid":{"rendered":"https:\/\/galerie-dittmar.de\/web\/?page_id=732"},"modified":"2023-09-18T14:36:31","modified_gmt":"2023-09-18T14:36:31","slug":"marcel-gahler","status":"publish","type":"page","link":"https:\/\/galerie-dittmar.de\/web\/kuenstler\/marcel-gahler\/","title":{"rendered":"MARCEL G\u00c4HLER"},"content":{"rendered":"\n<p style=\"font-size:14px\">MARCEL G\u00c4HLER<\/p>\n\n\n\n<p class=\"has-small-font-size\" style=\"line-height:0\">Biographie<\/p>\n\n\n\n<p class=\"has-small-font-size\" style=\"line-height:0\"><a href=\"https:\/\/galerie-dittmar.de\/web\/kuenstler\/marcel-gahler\/galerie\/\" class=\"ek-link\">Bilder<\/a><\/p>\n\n\n\n<p class=\"has-small-font-size\" style=\"line-height:0\"><a class=\"ek-link\" href=\"https:\/\/galerie-dittmar.de\/web\/kuenstler\/marcel-gahler\/publikation\/\">Publikation<\/a><\/p>\n\n\n\n<p><br>Marcel G\u00e4hler arbeitet vorrangig im Medium der Zeichnung, die ganze Anlage der Bl\u00e4tter wie alle Valeurs sind dem zeichnerischen Strich anvertraut. Die gro\u00dfformatigen Aquarelle sind ebenfalls in Schwarzwei\u00df angelegt, die Ausdrucksqualit\u00e4t ist die gleiche, ohne dass das Spezifische der jeweiligen Technik verloren ginge. Das innovative Vorgehen bezieht sich auch auf das Verh\u00e4ltnis zur Fotografie und die Art und Weise, wie diese einer bestimmten Welterfahrung und der Umsetzung im Medium der Zeichnung dienstbar gemacht wird.<\/p>\n\n\n\n<p>Das aufwendige Verfahren schlie\u00dft mehrere Zwischenstufen ein, an deren Ende die Graphitzeichnung steht. Ihr gewinnt der K\u00fcnstler au\u00dferordentliche M\u00f6glichkeiten in der Wiedergabe der, selbst schon vermittelten, Realit\u00e4t ab, wobei sich die Detailakribie nicht verselbst\u00e4ndigt. Das Kontinuum des dichten Strichgef\u00fcges, der Grauwerte und -abstufungen konstituiert eine eigene Bildrealit\u00e4t. Neben die erz\u00e4hlerische Unmittelbarkeit tritt h\u00e4ufig eine diffuse Atmosph\u00e4re, die Gegenst\u00e4nde l\u00f6sen sich in Licht auf, entmaterialisieren sich. Die Zeichnungen entziehen sich dem direkten Zugriff, sie bewahren bei aller N\u00e4he etwas Schwereloses, Distanziertes, die das Gef\u00fchlsmoment und den Erinnerungswert ausbalancieren. Es bleibt ein Geheimnis dieser Arbeiten, dass ihre Intensit\u00e4t dadurch eher gesteigert wird. <em>\u201eIn many ways his drawings touch on things that are universal but nearly impossible to express verbally, distant memories, emotions, deep feelings of love or loss. \u2013 A kind of longing for something deep within.\u201c<\/em> Rebecca Kerlin, Philadelphia, 2016<br><br>Neben Einzel- und Gruppenausstellungen unter anderem in Basel, Bern, Boston, Br\u00fcssel, Genf, London, New York, Paris, Philadelphia, Z\u00fcrich treten Beteiligungen auf den internationalen Messen in Basel, London, New York. Miami, Paris und Seoul. 2019 erschien in der Edition Dittmar eine Publikation zu dem K\u00fcnstler mit 33 Abbildungen und Textbeitr\u00e4gen des Schriftstellers Peter Stamm und von Dr. Kathleen B\u00fchler vom Kunstmuseum Bern.<\/p>\n\n\n\n<p class=\"has-small-font-size\" style=\"line-height:0\"><\/p>\n","protected":false},"excerpt":{"rendered":"<p>MARCEL G\u00c4HLER Biographie Bilder Publikation Marcel G\u00e4hler arbeitet vorrangig im Medium der Zeichnung, die ganze Anlage der Bl\u00e4tter wie alle Valeurs sind dem zeichnerischen Strich anvertraut. Die gro\u00dfformatigen Aquarelle sind ebenfalls in Schwarzwei\u00df angelegt, die Ausdrucksqualit\u00e4t ist die gleiche, ohne dass das Spezifische der jeweiligen Technik verloren ginge. Das innovative Vorgehen bezieht sich auch auf &hellip; <a href=\"https:\/\/galerie-dittmar.de\/web\/kuenstler\/marcel-gahler\/\" class=\"more-link\"><span class=\"screen-reader-text\">\u201eMARCEL G\u00c4HLER\u201c<\/span> weiterlesen<\/a><\/p>\n","protected":false},"author":1,"featured_media":0,"parent":87,"menu_order":8,"comment_status":"closed","ping_status":"closed","template":"","meta":{"_links_to":"","_links_to_target":""},"_links":{"self":[{"href":"https:\/\/galerie-dittmar.de\/web\/wp-json\/wp\/v2\/pages\/732"}],"collection":[{"href":"https:\/\/galerie-dittmar.de\/web\/wp-json\/wp\/v2\/pages"}],"about":[{"href":"https:\/\/galerie-dittmar.de\/web\/wp-json\/wp\/v2\/types\/page"}],"author":[{"embeddable":true,"href":"https:\/\/galerie-dittmar.de\/web\/wp-json\/wp\/v2\/users\/1"}],"replies":[{"embeddable":true,"href":"https:\/\/galerie-dittmar.de\/web\/wp-json\/wp\/v2\/comments?post=732"}],"version-history":[{"count":12,"href":"https:\/\/galerie-dittmar.de\/web\/wp-json\/wp\/v2\/pages\/732\/revisions"}],"predecessor-version":[{"id":4048,"href":"https:\/\/galerie-dittmar.de\/web\/wp-json\/wp\/v2\/pages\/732\/revisions\/4048"}],"up":[{"embeddable":true,"href":"https:\/\/galerie-dittmar.de\/web\/wp-json\/wp\/v2\/pages\/87"}],"wp:attachment":[{"href":"https:\/\/galerie-dittmar.de\/web\/wp-json\/wp\/v2\/media?parent=732"}],"curies":[{"name":"wp","href":"https:\/\/api.w.org\/{rel}","templated":true}]}}