{"id":768,"date":"2021-01-31T19:30:55","date_gmt":"2021-01-31T19:30:55","guid":{"rendered":"https:\/\/galerie-dittmar.de\/web\/?page_id=768"},"modified":"2021-02-26T07:01:05","modified_gmt":"2021-02-26T07:01:05","slug":"klemm","status":"publish","type":"page","link":"https:\/\/galerie-dittmar.de\/web\/kuenstler\/klemm\/","title":{"rendered":"BARBARA KLEMM"},"content":{"rendered":"\n<p style=\"font-size:14px\">BARBARA KLEMM<\/p>\n\n\n\n<p class=\"has-small-font-size\" style=\"line-height:0\">Biographie<\/p>\n\n\n\n<p class=\"has-small-font-size\" style=\"line-height:0\"><a href=\"https:\/\/galerie-dittmar.de\/web\/kuenstler\/klemm\/bilder\/\" class=\"ek-link\">Bilder<\/a><\/p>\n\n\n\n<p>Barbara Klemm war seit 1970 Redaktionsfotografin der Frankfurter Allgemeinen. Das Werk wurde mit zahlreichen Preisen ausgezeichnet, darunter dem Dr.-Erich-Salomon-Preis der Deutschen Gesellschaft f\u00fcr Fotografie (1989), dem Hugo-Erfurth-Preis (1989), dem Maria-Sibylle-Merian-Preis (1989), dem Max-Beckmann-Preis der Stadt Frankfurt am Main und dem Internationalen Folkwang-Preis (2021). <\/p>\n\n\n\n<p>Zahlreiche umfassende Museumsausstellungen und Publikationen. Viele der Fotografien von Barbra Klemm haben mittlerweile den Rang von Epochenbildern und gehen in Ihrem \u00e4sthetischen Anspruch deutlich \u00fcber die Dokumentation des Anlasses hinaus. Das manifestiert sich auch in der Entscheidung f\u00fcr das Schwarzwei\u00dfbild, unabh\u00e4ngig von dem urspr\u00fcnglichen Verwendungszweck. Weniger bekannt und oft von besonderem Rang sind die autonomen, nicht in einem aktuellen Zusammenhang stehenden Arbeiten, die auf Reisen entstanden, spezifische Momente und Stimmungen und atmosph\u00e4risch dichte Situationen anderer L\u00e4nder und Kulturen einfangen. Auf diese besondere Qualit\u00e4t wurde j\u00fcngst unter anderem aus Anlass der Zuerkennung des erw\u00e4hnten Internationalen Folkwang-Preises hingewiesen.<\/p>\n","protected":false},"excerpt":{"rendered":"<p>BARBARA KLEMM Biographie Bilder Barbara Klemm war seit 1970 Redaktionsfotografin der Frankfurter Allgemeinen. Das Werk wurde mit zahlreichen Preisen ausgezeichnet, darunter dem Dr.-Erich-Salomon-Preis der Deutschen Gesellschaft f\u00fcr Fotografie (1989), dem Hugo-Erfurth-Preis (1989), dem Maria-Sibylle-Merian-Preis (1989), dem Max-Beckmann-Preis der Stadt Frankfurt am Main und dem Internationalen Folkwang-Preis (2021). Zahlreiche umfassende Museumsausstellungen und Publikationen. Viele der Fotografien &hellip; <a href=\"https:\/\/galerie-dittmar.de\/web\/kuenstler\/klemm\/\" class=\"more-link\"><span class=\"screen-reader-text\">\u201eBARBARA KLEMM\u201c<\/span> weiterlesen<\/a><\/p>\n","protected":false},"author":1,"featured_media":0,"parent":87,"menu_order":13,"comment_status":"closed","ping_status":"closed","template":"","meta":{"_links_to":"","_links_to_target":""},"_links":{"self":[{"href":"https:\/\/galerie-dittmar.de\/web\/wp-json\/wp\/v2\/pages\/768"}],"collection":[{"href":"https:\/\/galerie-dittmar.de\/web\/wp-json\/wp\/v2\/pages"}],"about":[{"href":"https:\/\/galerie-dittmar.de\/web\/wp-json\/wp\/v2\/types\/page"}],"author":[{"embeddable":true,"href":"https:\/\/galerie-dittmar.de\/web\/wp-json\/wp\/v2\/users\/1"}],"replies":[{"embeddable":true,"href":"https:\/\/galerie-dittmar.de\/web\/wp-json\/wp\/v2\/comments?post=768"}],"version-history":[{"count":8,"href":"https:\/\/galerie-dittmar.de\/web\/wp-json\/wp\/v2\/pages\/768\/revisions"}],"predecessor-version":[{"id":1425,"href":"https:\/\/galerie-dittmar.de\/web\/wp-json\/wp\/v2\/pages\/768\/revisions\/1425"}],"up":[{"embeddable":true,"href":"https:\/\/galerie-dittmar.de\/web\/wp-json\/wp\/v2\/pages\/87"}],"wp:attachment":[{"href":"https:\/\/galerie-dittmar.de\/web\/wp-json\/wp\/v2\/media?parent=768"}],"curies":[{"name":"wp","href":"https:\/\/api.w.org\/{rel}","templated":true}]}}