{"id":773,"date":"2021-01-31T19:34:21","date_gmt":"2021-01-31T19:34:21","guid":{"rendered":"https:\/\/galerie-dittmar.de\/web\/?page_id=773"},"modified":"2021-02-15T11:51:37","modified_gmt":"2021-02-15T11:51:37","slug":"knoebel","status":"publish","type":"page","link":"https:\/\/galerie-dittmar.de\/web\/kuenstler\/knoebel\/","title":{"rendered":"IMI KNOEBEL"},"content":{"rendered":"\n<p style=\"font-size:14px\">IMI KNOEBEL<\/p>\n\n\n\n<p class=\"has-small-font-size\" style=\"line-height:0\">Biographie<\/p>\n\n\n\n<p class=\"has-small-font-size\" style=\"line-height:0\"><a href=\"https:\/\/galerie-dittmar.de\/web\/kuenstler\/knoebel\/bilder\/\" class=\"ek-link\">Bilder<\/a><\/p>\n\n\n\n<p><\/p>\n\n\n\n<p class=\"has-small-font-size\">Imi Knoebel, 1940 in Dessau geboren, besch\u00e4ftigte sich seit dem Studium ab 1964 an der D\u00fcsseldorfer Kunstakademie mit den radikalen Positionen der geometrischen Abstraktion der Moderne. Er erschloss im folgenden dem Nichtgegenst\u00e4ndlichen neue M\u00f6glichkeiten \u2013 durch die Art der Verwendung der Farbe, die rhythmischen, kompositorischen Beziehungen der Teile, die verwendeten Materialien, die r\u00e4umliche, ins Stereometrische ausgreifende Auffassung. Der internationale Rang Imi Knoebels wurde durch den gro\u00dfen Auftrag f\u00fcr die Kathedrale in Reims weiter gefestigt, als er 2008 bis 2011 sechs Fenster im Chorumgang der franz\u00f6sischen Kr\u00f6nungskirche entwarf. Er zog hier die Summe aus den seit den siebziger Jahren gewonnenen Erfahrungen, auch im Ausdrucksgehalt, der den Arbeiten Knoebels immer wieder eingeschrieben ist. Das Fundament hatte er fr\u00fch gelegt mit Arbeiten, deren vermeintlich fl\u00fcchtige naturnahe oder geometrische Formelemente eine Intensit\u00e4t und r\u00e4umliche Qualit\u00e4t entfalteten.<\/p>\n","protected":false},"excerpt":{"rendered":"<p>IMI KNOEBEL Biographie Bilder Imi Knoebel, 1940 in Dessau geboren, besch\u00e4ftigte sich seit dem Studium ab 1964 an der D\u00fcsseldorfer Kunstakademie mit den radikalen Positionen der geometrischen Abstraktion der Moderne. Er erschloss im folgenden dem Nichtgegenst\u00e4ndlichen neue M\u00f6glichkeiten \u2013 durch die Art der Verwendung der Farbe, die rhythmischen, kompositorischen Beziehungen der Teile, die verwendeten Materialien, &hellip; <a href=\"https:\/\/galerie-dittmar.de\/web\/kuenstler\/knoebel\/\" class=\"more-link\"><span class=\"screen-reader-text\">\u201eIMI KNOEBEL\u201c<\/span> weiterlesen<\/a><\/p>\n","protected":false},"author":1,"featured_media":0,"parent":87,"menu_order":19,"comment_status":"closed","ping_status":"closed","template":"","meta":{"_links_to":"","_links_to_target":""},"_links":{"self":[{"href":"https:\/\/galerie-dittmar.de\/web\/wp-json\/wp\/v2\/pages\/773"}],"collection":[{"href":"https:\/\/galerie-dittmar.de\/web\/wp-json\/wp\/v2\/pages"}],"about":[{"href":"https:\/\/galerie-dittmar.de\/web\/wp-json\/wp\/v2\/types\/page"}],"author":[{"embeddable":true,"href":"https:\/\/galerie-dittmar.de\/web\/wp-json\/wp\/v2\/users\/1"}],"replies":[{"embeddable":true,"href":"https:\/\/galerie-dittmar.de\/web\/wp-json\/wp\/v2\/comments?post=773"}],"version-history":[{"count":3,"href":"https:\/\/galerie-dittmar.de\/web\/wp-json\/wp\/v2\/pages\/773\/revisions"}],"predecessor-version":[{"id":1185,"href":"https:\/\/galerie-dittmar.de\/web\/wp-json\/wp\/v2\/pages\/773\/revisions\/1185"}],"up":[{"embeddable":true,"href":"https:\/\/galerie-dittmar.de\/web\/wp-json\/wp\/v2\/pages\/87"}],"wp:attachment":[{"href":"https:\/\/galerie-dittmar.de\/web\/wp-json\/wp\/v2\/media?parent=773"}],"curies":[{"name":"wp","href":"https:\/\/api.w.org\/{rel}","templated":true}]}}