{"id":784,"date":"2021-01-31T19:53:55","date_gmt":"2021-01-31T19:53:55","guid":{"rendered":"https:\/\/galerie-dittmar.de\/web\/?page_id=784"},"modified":"2021-02-26T07:04:46","modified_gmt":"2021-02-26T07:04:46","slug":"partenheimer","status":"publish","type":"page","link":"https:\/\/galerie-dittmar.de\/web\/kuenstler\/partenheimer\/","title":{"rendered":"J\u00dcRGEN PARTENHEIMER"},"content":{"rendered":"\n<p style=\"font-size:14px\">J\u00dcRGEN PARTENHEIMER<\/p>\n\n\n\n<p class=\"has-small-font-size\" style=\"line-height:0\">Biographie<\/p>\n\n\n\n<p class=\"has-small-font-size\" style=\"line-height:0\"><a href=\"https:\/\/galerie-dittmar.de\/web\/kuenstler\/partenheimer\/bilder\/\" class=\"ek-link\">Bilder<\/a><\/p>\n\n\n\n<p class=\"has-small-font-size\" style=\"line-height:0\"><a href=\"https:\/\/galerie-dittmar.de\/web\/kuenstler\/partenheimer\/publikation\/\" class=\"ek-link\">Publikation<\/a><\/p>\n\n\n\n<p>J\u00fcrgen Partenheimer, 1947 in M\u00fcnchen geboren, studierte in Deutschland, Frankreich, den USA und Mexiko. Teilnahme an den Biennalen in Paris, S\u00e3o Paulo und Venedig, 1980-1986.\u00a0Seine Malerei, Zeichnung und Skulptur, wie auch seine K\u00fcnstlerb\u00fccher verbindet zeichenhafte Reduktion mit poetischer Empfindung und kritischer theoretischer Reflexion. 2000 wurde Partenheimer als erster zeitgen\u00f6ssischer deutscher K\u00fcnstler mit einer Retrospektive in der Nationalgalerie Peking und im Nanking Museum geehrt.\u00a0Ausstellungen mit begleitenden Publikationen unter anderem in der Nationalgalerie Berlin,\u00a0der Hamburger Kunsthalle,\u00a0im St\u00e4delschen Kunstinstitut Frankfurt,\u00a0im Stedelijk Museum Amsterdam, im IVAM Valencia, in der Kunsthalle Karlsruhe, im\u00a0Kunstmuseum Bonn,\u00a0in der Pinakothek der Moderne, M\u00fcnchen, in den Deichtorhallen Hamburg (Sammlung Falckenberg, im Gemeentemuseum Den Haag).<\/p>\n","protected":false},"excerpt":{"rendered":"<p>J\u00dcRGEN PARTENHEIMER Biographie Bilder Publikation J\u00fcrgen Partenheimer, 1947 in M\u00fcnchen geboren, studierte in Deutschland, Frankreich, den USA und Mexiko. Teilnahme an den Biennalen in Paris, S\u00e3o Paulo und Venedig, 1980-1986.\u00a0Seine Malerei, Zeichnung und Skulptur, wie auch seine K\u00fcnstlerb\u00fccher verbindet zeichenhafte Reduktion mit poetischer Empfindung und kritischer theoretischer Reflexion. 2000 wurde Partenheimer als erster zeitgen\u00f6ssischer deutscher &hellip; <a href=\"https:\/\/galerie-dittmar.de\/web\/kuenstler\/partenheimer\/\" class=\"more-link\"><span class=\"screen-reader-text\">\u201eJ\u00dcRGEN PARTENHEIMER\u201c<\/span> weiterlesen<\/a><\/p>\n","protected":false},"author":1,"featured_media":0,"parent":87,"menu_order":14,"comment_status":"closed","ping_status":"closed","template":"","meta":{"_links_to":"","_links_to_target":""},"_links":{"self":[{"href":"https:\/\/galerie-dittmar.de\/web\/wp-json\/wp\/v2\/pages\/784"}],"collection":[{"href":"https:\/\/galerie-dittmar.de\/web\/wp-json\/wp\/v2\/pages"}],"about":[{"href":"https:\/\/galerie-dittmar.de\/web\/wp-json\/wp\/v2\/types\/page"}],"author":[{"embeddable":true,"href":"https:\/\/galerie-dittmar.de\/web\/wp-json\/wp\/v2\/users\/1"}],"replies":[{"embeddable":true,"href":"https:\/\/galerie-dittmar.de\/web\/wp-json\/wp\/v2\/comments?post=784"}],"version-history":[{"count":5,"href":"https:\/\/galerie-dittmar.de\/web\/wp-json\/wp\/v2\/pages\/784\/revisions"}],"predecessor-version":[{"id":1428,"href":"https:\/\/galerie-dittmar.de\/web\/wp-json\/wp\/v2\/pages\/784\/revisions\/1428"}],"up":[{"embeddable":true,"href":"https:\/\/galerie-dittmar.de\/web\/wp-json\/wp\/v2\/pages\/87"}],"wp:attachment":[{"href":"https:\/\/galerie-dittmar.de\/web\/wp-json\/wp\/v2\/media?parent=784"}],"curies":[{"name":"wp","href":"https:\/\/api.w.org\/{rel}","templated":true}]}}