{"id":795,"date":"2021-01-31T20:03:34","date_gmt":"2021-01-31T20:03:34","guid":{"rendered":"https:\/\/galerie-dittmar.de\/web\/?page_id=795"},"modified":"2021-03-03T17:44:23","modified_gmt":"2021-03-03T17:44:23","slug":"salzmann","status":"publish","type":"page","link":"https:\/\/galerie-dittmar.de\/web\/kuenstler\/salzmann\/","title":{"rendered":"GOTTFRIED SALZMANN"},"content":{"rendered":"\n<p style=\"font-size:14px\">GOTTFRIED SALZMANN<\/p>\n\n\n\n<p class=\"has-small-font-size\" style=\"line-height:0\">Biographie<\/p>\n\n\n\n<p class=\"has-small-font-size\" style=\"line-height:0\"><a href=\"https:\/\/galerie-dittmar.de\/web\/kuenstler\/salzmann\/bilder\/\" class=\"ek-link\">Bilder<\/a><\/p>\n\n\n\n<p>Gottfried Salzmann, 1943 in Saalfelden bei Salzburg geboren, studierte 1963 an der Akademie der Bildenden K\u00fcnste in Wien, 1965 \u00dcbersiedlung nach Paris und Studium an der \u00c9cole des Beaux Arts. Die Landschaftsbilder fanden fr\u00fch Anerkennung. 1972 erster Preis f\u00fcr Zeichnung Pierre David-Weill des Institut de France, Paris, und Theodor K\u00f6rner Preis in Wien. 1982 gro\u00dfe Monographie von Walter Koschatzky, dem Direktor der Albertina in Wien, und Retrospektive in der Albertina. Ebenfalls 1982 Monographie von Wieland Schmied zu den Zeichnungen. 1991 Ausstellung im Rupertinum in Salzburg. 2011 Verleihung des \u00d6sterreichischen Ehrenkreuzes f\u00fcr Wissenschaft und Kunst. Die j\u00fcngste umfangreiche Publikation erschien 2013 im Prestel Verlag. <\/p>\n\n\n\n<p>Klaus Albrecht Schr\u00f6der:\u00a0Obwohl Gottfried Salzmann in der Tradition der gro\u00dfen Aquarellmeister steht, bleibt er in der Art der Farbgebung und im Aufbau der Bilder doch ganz eigenst\u00e4ndig. Sie sind \u00fcber die Virtuosit\u00e4t in der Handhabung der Technik hinaus von gro\u00dfer Komplexit\u00e4t und hierin singul\u00e4r. Salzmann vermag aus dem Wei\u00df des Papiers ein expressives Grundger\u00fcst aufzubauen, das gleichrangig neben die Farbe tritt und dar\u00fcber hinaus ein stabilisierendes Element f\u00fcr die Komposition bildet. (Klaus Albrecht Schr\u00f6der, Direktor der Albertina Wien, 2006) <\/p>\n\n\n\n<p>Wieland Schmied:\u00a0Gottfried Salzmann musste sich der Landschaft erinnern und sie beschw\u00f6ren, indem er die Schwierigkeiten, die sie heute bereitet, mitartikuliert. So entstehen Landschaften, die sich entziehen, die z\u00f6gern hervorzutreten, als w\u00e4re ihre Zeit vorbei oder noch nicht gekommen. Die Kohlezeichnungen scheinen der Nacht verschwistert. Das Dunkel ist hier Gottfried Salzmann licht genug: Es erlaubt ihm, sich auf die Suche nach Licht zu konzentrieren. So liebt er die Graut\u00f6ne, die Schleier des Nebels und des Regens und das Zur\u00fccksinken der Landschaft in die D\u00e4mmerung. Die Strategien der Verweigerung der Landschaft zielen auf Erkenntnis und setzen die gestalterischen Energien frei. (Wieland Schmied, Die Verweigerung der Landschaft \u2013 Der Zeichner Gottfried Salzmann, 1982)<\/p>\n","protected":false},"excerpt":{"rendered":"<p>GOTTFRIED SALZMANN Biographie Bilder Gottfried Salzmann, 1943 in Saalfelden bei Salzburg geboren, studierte 1963 an der Akademie der Bildenden K\u00fcnste in Wien, 1965 \u00dcbersiedlung nach Paris und Studium an der \u00c9cole des Beaux Arts. Die Landschaftsbilder fanden fr\u00fch Anerkennung. 1972 erster Preis f\u00fcr Zeichnung Pierre David-Weill des Institut de France, Paris, und Theodor K\u00f6rner Preis &hellip; <a href=\"https:\/\/galerie-dittmar.de\/web\/kuenstler\/salzmann\/\" class=\"more-link\"><span class=\"screen-reader-text\">\u201eGOTTFRIED SALZMANN\u201c<\/span> weiterlesen<\/a><\/p>\n","protected":false},"author":1,"featured_media":0,"parent":87,"menu_order":20,"comment_status":"closed","ping_status":"closed","template":"","meta":{"_links_to":"","_links_to_target":""},"_links":{"self":[{"href":"https:\/\/galerie-dittmar.de\/web\/wp-json\/wp\/v2\/pages\/795"}],"collection":[{"href":"https:\/\/galerie-dittmar.de\/web\/wp-json\/wp\/v2\/pages"}],"about":[{"href":"https:\/\/galerie-dittmar.de\/web\/wp-json\/wp\/v2\/types\/page"}],"author":[{"embeddable":true,"href":"https:\/\/galerie-dittmar.de\/web\/wp-json\/wp\/v2\/users\/1"}],"replies":[{"embeddable":true,"href":"https:\/\/galerie-dittmar.de\/web\/wp-json\/wp\/v2\/comments?post=795"}],"version-history":[{"count":10,"href":"https:\/\/galerie-dittmar.de\/web\/wp-json\/wp\/v2\/pages\/795\/revisions"}],"predecessor-version":[{"id":4033,"href":"https:\/\/galerie-dittmar.de\/web\/wp-json\/wp\/v2\/pages\/795\/revisions\/4033"}],"up":[{"embeddable":true,"href":"https:\/\/galerie-dittmar.de\/web\/wp-json\/wp\/v2\/pages\/87"}],"wp:attachment":[{"href":"https:\/\/galerie-dittmar.de\/web\/wp-json\/wp\/v2\/media?parent=795"}],"curies":[{"name":"wp","href":"https:\/\/api.w.org\/{rel}","templated":true}]}}