{"id":821,"date":"2021-01-31T20:18:37","date_gmt":"2021-01-31T20:18:37","guid":{"rendered":"https:\/\/galerie-dittmar.de\/web\/?page_id=821"},"modified":"2021-02-24T06:39:03","modified_gmt":"2021-02-24T06:39:03","slug":"tatafiore","status":"publish","type":"page","link":"https:\/\/galerie-dittmar.de\/web\/kuenstler\/tatafiore\/","title":{"rendered":"ERNESTO TATAFIORE"},"content":{"rendered":"\n<p style=\"font-size:14px\">ERNESTO TATAFIORE<\/p>\n\n\n\n<p class=\"has-small-font-size\" style=\"line-height:0\">Biographie<\/p>\n\n\n\n<p class=\"has-small-font-size\" style=\"line-height:0\"><a href=\"https:\/\/galerie-dittmar.de\/web\/kuenstler\/tatafiore\/bilder\/\" class=\"ek-link\">Bilder<\/a><\/p>\n\n\n\n<p class=\"has-small-font-size\" style=\"line-height:0\"><a href=\"https:\/\/galerie-dittmar.de\/web\/kuenstler\/tatafiore\/publikation\/\" class=\"ek-link\">Publikation<\/a><\/p>\n\n\n\n<p>Tatafiore, 1943 in Neapel geboren, nahm 1970 und 1980 an der Biennale in Venedig teil. Ebenfalls 1980 Beteiligung an der \u00dcberblicksausstellung zur Transavanguardia in der Kunsthalle Basel, im Museum Folkwang Essen und im Stedelijk Museum Amsterdam. 1982 gro\u00dfe Einzelausstellung im Kunstmuseum Luzern. 1984 und 1985 Beteiligung an den Zeichnungsausstellungen im Kunsthaus Z\u00fcrich und im Museum Moderner Kunst Wien. Ebenfalls 1985 Einzelausstellung mit dem graphischen Werk im Metropolitan Museum of Art,   New York. 1987 Beteiligung an der Ausstellung \u201eTerrae Motus\u201c im Grand Palais Paris (mit Joseph Beuys, Anselm Kiefer; Richard Long, Rauschenberg und Warhol). 1990 dritte Teilnahme an der Biennale in Venedig. 1993 Retrospektive im Museum Moderner Kunst in Wien. <\/p>\n\n\n\n<p>Das Werk changierte zun\u00e4chst zwischen Konzeptkunst und Arte Povera. Charakteristisch bleibt das Arbeiten mit unterschiedlichen Techniken und Materialien, die Verbindung von Malerei und Zeichnung mit Collage und objektartigen Skulpturen, der subversive Ansatz. Die zeichnerische Subtilit\u00e4t und die vermeintlich klassische, einfache Vorgehensweise verbinden sich mit einer verfremdenden und hintergr\u00fcndigen Manier. Die Themen und Personal sind h\u00e4ufig der Geschichte entnommen. Zentraler Bezugspunkt ist die Franz\u00f6sische Revolution, die ihr innewohnenden Ambivalenzen, der mythologische Hintergrund, die Geschichte als Allegorie. Das geschieht in mehr spielerischer oder hintergr\u00fcndiger, die Sprache mit einbeziehender Form. Leitmotivisch begleitet diese universale Sicht der Vesuv, als ewiges Wahrzeichen der Gef\u00e4hrdungen in der Geschichte wie seiner Heimat,   das Land, \u201ein das man wie Odysseus immer wieder zur\u00fcckkehren muss\u201c. (La terra, come Ulisse, a cui bisogna sempre fare ritorno, Ernesto Tatafiore).<\/p>\n","protected":false},"excerpt":{"rendered":"<p>ERNESTO TATAFIORE Biographie Bilder Publikation Tatafiore, 1943 in Neapel geboren, nahm 1970 und 1980 an der Biennale in Venedig teil. Ebenfalls 1980 Beteiligung an der \u00dcberblicksausstellung zur Transavanguardia in der Kunsthalle Basel, im Museum Folkwang Essen und im Stedelijk Museum Amsterdam. 1982 gro\u00dfe Einzelausstellung im Kunstmuseum Luzern. 1984 und 1985 Beteiligung an den Zeichnungsausstellungen im &hellip; <a href=\"https:\/\/galerie-dittmar.de\/web\/kuenstler\/tatafiore\/\" class=\"more-link\"><span class=\"screen-reader-text\">\u201eERNESTO TATAFIORE\u201c<\/span> weiterlesen<\/a><\/p>\n","protected":false},"author":1,"featured_media":0,"parent":87,"menu_order":14,"comment_status":"closed","ping_status":"closed","template":"","meta":{"_links_to":"","_links_to_target":""},"_links":{"self":[{"href":"https:\/\/galerie-dittmar.de\/web\/wp-json\/wp\/v2\/pages\/821"}],"collection":[{"href":"https:\/\/galerie-dittmar.de\/web\/wp-json\/wp\/v2\/pages"}],"about":[{"href":"https:\/\/galerie-dittmar.de\/web\/wp-json\/wp\/v2\/types\/page"}],"author":[{"embeddable":true,"href":"https:\/\/galerie-dittmar.de\/web\/wp-json\/wp\/v2\/users\/1"}],"replies":[{"embeddable":true,"href":"https:\/\/galerie-dittmar.de\/web\/wp-json\/wp\/v2\/comments?post=821"}],"version-history":[{"count":3,"href":"https:\/\/galerie-dittmar.de\/web\/wp-json\/wp\/v2\/pages\/821\/revisions"}],"predecessor-version":[{"id":1399,"href":"https:\/\/galerie-dittmar.de\/web\/wp-json\/wp\/v2\/pages\/821\/revisions\/1399"}],"up":[{"embeddable":true,"href":"https:\/\/galerie-dittmar.de\/web\/wp-json\/wp\/v2\/pages\/87"}],"wp:attachment":[{"href":"https:\/\/galerie-dittmar.de\/web\/wp-json\/wp\/v2\/media?parent=821"}],"curies":[{"name":"wp","href":"https:\/\/api.w.org\/{rel}","templated":true}]}}