{"id":835,"date":"2021-01-31T20:27:37","date_gmt":"2021-01-31T20:27:37","guid":{"rendered":"https:\/\/galerie-dittmar.de\/web\/?page_id=835"},"modified":"2021-03-03T08:23:30","modified_gmt":"2021-03-03T08:23:30","slug":"voth","status":"publish","type":"page","link":"https:\/\/galerie-dittmar.de\/web\/kuenstler\/voth\/","title":{"rendered":"HANNSJ\u00d6RG VOTH"},"content":{"rendered":"\n<p style=\"font-size:14px\">HANNSJ\u00d6RG VOTH<\/p>\n\n\n\n<p class=\"has-small-font-size\" style=\"line-height:0\">Biographie<\/p>\n\n\n\n<p class=\"has-small-font-size\" style=\"line-height:0\"><a href=\"https:\/\/galerie-dittmar.de\/web\/kuenstler\/voth\/bilder\/\" class=\"ek-link\">Bilder<\/a><\/p>\n\n\n\n<p><\/p>\n\n\n\n<p class=\"has-small-font-size\">Hannsj\u00f6rg Voth, 1940 geboren, besch\u00e4ftigt sich seit Beginn der siebziger Jahre mit landschafts-bezogenen Projekten, die sich unter anderem aus der damaligen Bewegung der Land Art und Concept Art entwickelten (Walter de Maria, Christo, Michael Heizer). 1978 erfolgte die spektakul\u00e4re \u201eReise ins Meer\u201c einer riesigen Mumie auf dem Rhein. Anfang der achtziger Jahre entstand das \u201eBoot aus Stein\u201c, in einer im Ijsselmeer vor der holl\u00e4ndischen K\u00fcste errichteten Pyramide aus Holz, das Monate sp\u00e4ter mit der Pyramide im Packeis zugrunde ging und versank. Diese symbolgeladenen, Mythisches und historische Tiefenschichten ber\u00fchrenden Ereignisse machten Voth ber\u00fchmt und z\u00e4hlen bis heute zu den bedeutendsten Projekten ihrer Art weltweit.<\/p>\n\n\n\n<p class=\"has-small-font-size\">Seit Anfang der achtziger Jahre entstand das umfassendste Vorhaben des K\u00fcnstlers in der marokkanischen W\u00fcste, bestehend aus der \u201eHimmelstreppe\u201c, der \u201eGoldenen Spirale\u201c und der \u201eStadt des Orion\u201c. Es sind surreal anmutende Architekturvisionen, pathetische Gro\u00dfskulpturen, Monumente der Einsamkeit, wie sie zuvor vergleichbar allenfalls in den monumentalen Idealentw\u00fcrfen europ\u00e4ischer Architekturphantasien vorgebildet waren. Es sind bei aller Archaik und lapidaren Kargheit bis ins Detail mathematischer Gesetzm\u00e4\u00dfigkeiten durchdachte, au\u00dferordentlich anspielungsreiche Komplexe, die auf die \u00d6rtlichkeit Bezug nehmen, die Elemente und den jeweiligen Sonnenstand in die Konzeption einbeziehen und kosmische Bez\u00fcge herstellen. Die die Projekte begleitenden Zeichnungen des K\u00fcnstlers nehmen dabei einen herausragenden Rang ein. Sie sind Ideenskizzen, Konstruktions- und Architekturzeichnungen und bildm\u00e4\u00dfig ausgef\u00fchrte Bl\u00e4tter von imaginativer Kraft. <\/p>\n\n\n\n<p class=\"has-small-font-size\">Die Aufnahmen der Frau des K\u00fcnstlers, der Fotografin Ingrid Amslinger, dokumentieren die Aktionen und ihre Entstehung, verdeutlichen den Prozess der Realisierung, der Teil des k\u00fcnstlerischen Vorhabens ist, und besitzen dar\u00fcber hinaus eine atmosph\u00e4rische Dichte, die der magischen Ausstrahlung der Bauten und Szenerien Ausdruck verleihen. Umfangreiche monographische Publikationen mit reichem Bildmaterial geben dar\u00fcber Aufschluss, wobei die \u201eStadt des Orion\u201c von 2005 mit ihren suggestiven gro\u00dfformatigen Bildfolgen wie eine Synthese dieser Realit\u00e4t gewordenen Visionen erscheint.<\/p>\n","protected":false},"excerpt":{"rendered":"<p>HANNSJ\u00d6RG VOTH Biographie Bilder Hannsj\u00f6rg Voth, 1940 geboren, besch\u00e4ftigt sich seit Beginn der siebziger Jahre mit landschafts-bezogenen Projekten, die sich unter anderem aus der damaligen Bewegung der Land Art und Concept Art entwickelten (Walter de Maria, Christo, Michael Heizer). 1978 erfolgte die spektakul\u00e4re \u201eReise ins Meer\u201c einer riesigen Mumie auf dem Rhein. Anfang der achtziger &hellip; <a href=\"https:\/\/galerie-dittmar.de\/web\/kuenstler\/voth\/\" class=\"more-link\"><span class=\"screen-reader-text\">\u201eHANNSJ\u00d6RG VOTH\u201c<\/span> weiterlesen<\/a><\/p>\n","protected":false},"author":1,"featured_media":0,"parent":87,"menu_order":20,"comment_status":"closed","ping_status":"closed","template":"","meta":{"_links_to":"","_links_to_target":""},"_links":{"self":[{"href":"https:\/\/galerie-dittmar.de\/web\/wp-json\/wp\/v2\/pages\/835"}],"collection":[{"href":"https:\/\/galerie-dittmar.de\/web\/wp-json\/wp\/v2\/pages"}],"about":[{"href":"https:\/\/galerie-dittmar.de\/web\/wp-json\/wp\/v2\/types\/page"}],"author":[{"embeddable":true,"href":"https:\/\/galerie-dittmar.de\/web\/wp-json\/wp\/v2\/users\/1"}],"replies":[{"embeddable":true,"href":"https:\/\/galerie-dittmar.de\/web\/wp-json\/wp\/v2\/comments?post=835"}],"version-history":[{"count":4,"href":"https:\/\/galerie-dittmar.de\/web\/wp-json\/wp\/v2\/pages\/835\/revisions"}],"predecessor-version":[{"id":1565,"href":"https:\/\/galerie-dittmar.de\/web\/wp-json\/wp\/v2\/pages\/835\/revisions\/1565"}],"up":[{"embeddable":true,"href":"https:\/\/galerie-dittmar.de\/web\/wp-json\/wp\/v2\/pages\/87"}],"wp:attachment":[{"href":"https:\/\/galerie-dittmar.de\/web\/wp-json\/wp\/v2\/media?parent=835"}],"curies":[{"name":"wp","href":"https:\/\/api.w.org\/{rel}","templated":true}]}}