{"id":90,"date":"2021-01-16T15:27:04","date_gmt":"2021-01-16T15:27:04","guid":{"rendered":"https:\/\/galerie-dittmar.de\/web\/?page_id=90"},"modified":"2025-01-25T12:36:45","modified_gmt":"2025-01-25T12:36:45","slug":"mona-breede","status":"publish","type":"page","link":"https:\/\/galerie-dittmar.de\/web\/kuenstler\/mona-breede\/","title":{"rendered":"MONA BREEDE"},"content":{"rendered":"\n<p style=\"font-size:14px\">MONA BREEDE<\/p>\n\n\n\n<p class=\"has-small-font-size\" style=\"line-height:0\">Biographie<\/p>\n\n\n\n<p class=\"has-small-font-size\" style=\"line-height:0\"><a href=\"https:\/\/galerie-dittmar.de\/web\/kuenstler\/mona-breede\/galerie\/\">Bilder<\/a><\/p>\n\n\n\n<p class=\"has-small-font-size\" style=\"line-height:0\"><a href=\"https:\/\/galerie-dittmar.de\/web\/kuenstler\/mona-breede\/publikation\/\" class=\"ek-link\">Publikation<\/a><\/p>\n\n\n\n<p>Mona Breede nimmt eine bedeutende Position in der zeitgen\u00f6ssischen Fotografie ein. Das zeichnete sich fr\u00fch, seit ihrer Einzelausstellung im Goethe-Institut London 1999 und der gleichzeitigen Teilnahme an der Gruppenausstellung \u201cReconstructing Space: Architecture in Recent German Photography\u201c der Architectural Association London ab; unter anderem mit Thomas Demand, Andreas Gursky, Candida H\u00f6fer, Thomas Struth. Mehrmonatiges Stipendium des Deutschen Studienzentrums in Venedig f\u00fcr Sommer 2025.<\/p>\n\n\n\n<p>Mona Breede zeigt Menschen im st\u00e4dtischen, architektonischen oder landschaftlichen Zusammenhang, ihre Beziehungen zueinander wie zum Raum. Es handelt sich um inhaltlich aufgeladene Konstellationen, es entsteht ein vielf\u00e4ltiges Geflecht von Verweisen. Die Bilder kennzeichnet eine verhaltene Spannung, vordergr\u00fcndige Effekte, jede Form der \u00dcberredung fehlt. Das verleiht den Arbeiten ihre Intensit\u00e4t, auch ihre Sch\u00f6nheit und Gr\u00f6\u00dfe.<\/p>\n\n\n\n<p>2021 kommt in der Edition Dittmar ein umfangreicher Katalog zu den Landschaften heraus, \u201eNatur und Erz\u00e4hlung\u201c, mit f\u00fcnfundsiebzig Abbildungen, einem Fachbeitrag und einer ausf\u00fchrlichen kommentierten Biografie.<\/p>\n\n\n\n<p style=\"font-size:14px;line-height:0\"><\/p>\n","protected":false},"excerpt":{"rendered":"<p>MONA BREEDE Biographie Bilder Publikation Mona Breede nimmt eine bedeutende Position in der zeitgen\u00f6ssischen Fotografie ein. Das zeichnete sich fr\u00fch, seit ihrer Einzelausstellung im Goethe-Institut London 1999 und der gleichzeitigen Teilnahme an der Gruppenausstellung \u201cReconstructing Space: Architecture in Recent German Photography\u201c der Architectural Association London ab; unter anderem mit Thomas Demand, Andreas Gursky, Candida H\u00f6fer, &hellip; <a href=\"https:\/\/galerie-dittmar.de\/web\/kuenstler\/mona-breede\/\" class=\"more-link\"><span class=\"screen-reader-text\">\u201eMONA BREEDE\u201c<\/span> weiterlesen<\/a><\/p>\n","protected":false},"author":1,"featured_media":0,"parent":87,"menu_order":0,"comment_status":"closed","ping_status":"closed","template":"","meta":{"_links_to":"","_links_to_target":""},"_links":{"self":[{"href":"https:\/\/galerie-dittmar.de\/web\/wp-json\/wp\/v2\/pages\/90"}],"collection":[{"href":"https:\/\/galerie-dittmar.de\/web\/wp-json\/wp\/v2\/pages"}],"about":[{"href":"https:\/\/galerie-dittmar.de\/web\/wp-json\/wp\/v2\/types\/page"}],"author":[{"embeddable":true,"href":"https:\/\/galerie-dittmar.de\/web\/wp-json\/wp\/v2\/users\/1"}],"replies":[{"embeddable":true,"href":"https:\/\/galerie-dittmar.de\/web\/wp-json\/wp\/v2\/comments?post=90"}],"version-history":[{"count":21,"href":"https:\/\/galerie-dittmar.de\/web\/wp-json\/wp\/v2\/pages\/90\/revisions"}],"predecessor-version":[{"id":4291,"href":"https:\/\/galerie-dittmar.de\/web\/wp-json\/wp\/v2\/pages\/90\/revisions\/4291"}],"up":[{"embeddable":true,"href":"https:\/\/galerie-dittmar.de\/web\/wp-json\/wp\/v2\/pages\/87"}],"wp:attachment":[{"href":"https:\/\/galerie-dittmar.de\/web\/wp-json\/wp\/v2\/media?parent=90"}],"curies":[{"name":"wp","href":"https:\/\/api.w.org\/{rel}","templated":true}]}}