{"id":968,"date":"2021-02-07T15:26:13","date_gmt":"2021-02-07T15:26:13","guid":{"rendered":"https:\/\/galerie-dittmar.de\/web\/?page_id=968"},"modified":"2021-02-09T13:12:45","modified_gmt":"2021-02-09T13:12:45","slug":"schumacher","status":"publish","type":"page","link":"https:\/\/galerie-dittmar.de\/web\/kuenstler\/schumacher\/","title":{"rendered":"EMIL SCHUMACHER"},"content":{"rendered":"\n<p style=\"font-size:14px\">EMIL SCHUMACHER<\/p>\n\n\n\n<p class=\"has-small-font-size\" style=\"line-height:0\">Biographie<\/p>\n\n\n\n<p class=\"has-small-font-size\" style=\"line-height:0\"><a href=\"https:\/\/galerie-dittmar.de\/web\/kuenstler\/schumacher\/galerie\/\" class=\"ek-link\">Bilder<\/a><\/p>\n\n\n\n<p style=\"font-size:14px;line-height:0\"><\/p>\n\n\n\n<p>Emil Schumacher (1912 \u2013 1999), einer der bedeutendsten Maler der europ\u00e4ischen Nachkriegskunst, ist nur bedingt dem sogenannten deutschen Informel zuzurechnen. Seine materialbezogene Malerei ist offen, sie hat etwas Unabgeschlossenes, Prozesshaftes, sie scheint Fragen aufzuwerfen und tieferen historischen und erdgeschichtlichen Zonen anzugeh\u00f6ren. Bei aller expressiven, impulsiven Gestik bleiben die Bilder kontrolliert und von einem tektonischen Gef\u00fchl getragen. Vorherrschend sind gedeckte, erdige T\u00f6ne, \u00fcberlegt sind die wenigen Farben, oft nur Akzente gesetzt, die besonders kostbar wirken. Natur erscheint in ihrer elementarsten Form, immer wieder finden sich auch Ankl\u00e4nge an Gegenst\u00e4ndliches. Einen wesentlichen Rang nehmen im Werk die Papierarbeiten und Graphiken ein.<\/p>\n\n\n\n<p>\u201eMir geht es um Verlebendigung, um Beseelung der versunkenen Vergangenheit. Menschliches Leben und der Wind, sie gehen \u00fcber die Landschaft hin. Wie erreiche ich eine Tiefe in der Fl\u00e4che? Es ist, wenn Architektur und Landschaftszeichen, Schrift und Signatur zusammenwachsen. Am Grund von allem: ein Bewu\u00dftsein, das im Anf\u00e4nglichen beheimatet ist.\u201c (Emil Schumacher, 1989)<\/p>\n","protected":false},"excerpt":{"rendered":"<p>EMIL SCHUMACHER Biographie Bilder Emil Schumacher (1912 \u2013 1999), einer der bedeutendsten Maler der europ\u00e4ischen Nachkriegskunst, ist nur bedingt dem sogenannten deutschen Informel zuzurechnen. Seine materialbezogene Malerei ist offen, sie hat etwas Unabgeschlossenes, Prozesshaftes, sie scheint Fragen aufzuwerfen und tieferen historischen und erdgeschichtlichen Zonen anzugeh\u00f6ren. Bei aller expressiven, impulsiven Gestik bleiben die Bilder kontrolliert und &hellip; <a href=\"https:\/\/galerie-dittmar.de\/web\/kuenstler\/schumacher\/\" class=\"more-link\"><span class=\"screen-reader-text\">\u201eEMIL SCHUMACHER\u201c<\/span> weiterlesen<\/a><\/p>\n","protected":false},"author":2,"featured_media":0,"parent":87,"menu_order":0,"comment_status":"closed","ping_status":"closed","template":"","meta":{"_links_to":"","_links_to_target":""},"_links":{"self":[{"href":"https:\/\/galerie-dittmar.de\/web\/wp-json\/wp\/v2\/pages\/968"}],"collection":[{"href":"https:\/\/galerie-dittmar.de\/web\/wp-json\/wp\/v2\/pages"}],"about":[{"href":"https:\/\/galerie-dittmar.de\/web\/wp-json\/wp\/v2\/types\/page"}],"author":[{"embeddable":true,"href":"https:\/\/galerie-dittmar.de\/web\/wp-json\/wp\/v2\/users\/2"}],"replies":[{"embeddable":true,"href":"https:\/\/galerie-dittmar.de\/web\/wp-json\/wp\/v2\/comments?post=968"}],"version-history":[{"count":3,"href":"https:\/\/galerie-dittmar.de\/web\/wp-json\/wp\/v2\/pages\/968\/revisions"}],"predecessor-version":[{"id":1040,"href":"https:\/\/galerie-dittmar.de\/web\/wp-json\/wp\/v2\/pages\/968\/revisions\/1040"}],"up":[{"embeddable":true,"href":"https:\/\/galerie-dittmar.de\/web\/wp-json\/wp\/v2\/pages\/87"}],"wp:attachment":[{"href":"https:\/\/galerie-dittmar.de\/web\/wp-json\/wp\/v2\/media?parent=968"}],"curies":[{"name":"wp","href":"https:\/\/api.w.org\/{rel}","templated":true}]}}